{"id":4085,"date":"2025-10-08T10:32:41","date_gmt":"2025-10-08T08:32:41","guid":{"rendered":"https:\/\/www.tectron-worbis.de\/?page_id=4085"},"modified":"2025-12-08T14:39:55","modified_gmt":"2025-12-08T13:39:55","slug":"neu-materialeinkauf","status":"publish","type":"page","link":"https:\/\/www.tectron-worbis.de\/de\/dienstleistungen\/neu-materialeinkauf\/","title":{"rendered":"NEU Materialeinkauf"},"content":{"rendered":"\t\t<div data-elementor-type=\"wp-page\" data-elementor-id=\"4085\" class=\"elementor elementor-4085\" data-elementor-post-type=\"page\">\n\t\t\t\t\t\t<section class=\"elementor-section elementor-top-section elementor-element elementor-element-dba031e elementor-section-full_width elementor-section-content-middle elementor-section-stretched elementor-section-height-default elementor-section-height-default\" data-id=\"dba031e\" data-element_type=\"section\" data-e-type=\"section\" data-settings=\"{&quot;background_background&quot;:&quot;classic&quot;,&quot;jet_parallax_layout_list&quot;:[],&quot;stretch_section&quot;:&quot;section-stretched&quot;}\">\n\t\t\t\t\t\t<div class=\"elementor-container elementor-column-gap-no\">\n\t\t\t\t\t<div class=\"elementor-column elementor-col-33 elementor-top-column elementor-element elementor-element-de31143\" data-id=\"de31143\" data-element_type=\"column\" data-e-type=\"column\">\n\t\t\t<div class=\"elementor-widget-wrap elementor-element-populated\">\n\t\t\t\t\t\t<div class=\"elementor-element elementor-element-79e1f4f elementor-invisible elementor-widget elementor-widget-heading\" data-id=\"79e1f4f\" data-element_type=\"widget\" data-e-type=\"widget\" data-settings=\"{&quot;_animation&quot;:&quot;fadeInLeft&quot;}\" data-widget_type=\"heading.default\">\n\t\t\t\t<div class=\"elementor-widget-container\">\n\t\t\t\t\t<h3 class=\"elementor-heading-title elementor-size-default\">Ihr Team f\u00fcr den Einkauf bei Tectron Worbis<\/h3>\t\t\t\t<\/div>\n\t\t\t\t<\/div>\n\t\t\t\t\t<\/div>\n\t\t<\/div>\n\t\t\t\t<div class=\"elementor-column elementor-col-33 elementor-top-column elementor-element elementor-element-2053870\" data-id=\"2053870\" data-element_type=\"column\" data-e-type=\"column\">\n\t\t\t<div class=\"elementor-widget-wrap elementor-element-populated\">\n\t\t\t\t\t\t<div class=\"elementor-element elementor-element-919e419 elementor-widget elementor-widget-text-editor\" data-id=\"919e419\" data-element_type=\"widget\" data-e-type=\"widget\" data-widget_type=\"text-editor.default\">\n\t\t\t\t<div class=\"elementor-widget-container\">\n\t\t\t\t\t\t\t\t\t<p><strong>Materialbeschaffung und Einkauf der Bauteile<\/strong><\/p><p>Auch bei der Materialbeschaffung k\u00f6nnen Sie sich voll auf uns verlassen \u2013 und das weltweit. F\u00fcr ein marktgerechtes Produkt ist der Materialwert einer der wichtigsten Faktoren. Unser erfahrenes Team im Einkauf bezieht die Bauteile von einem weltweiten Lieferantennetz. Dabei z\u00e4hlen f\u00fcr uns hohe Materialqualit\u00e4t, termingerechte Abwicklung und ein optimales Preis-\/Leistungsverh\u00e4ltnis.<\/p><p>Die TECTRON WORBIS GmbH verf\u00fcgt \u00fcber ein j\u00e4hrliches Einkaufsvolumen von ca. 40 Mio. \u20ac f\u00fcr elektronische und mechanische Komponenten. \u00dcber 45.000 aktive und passive Bauelemente verwalten wir derzeitig mit Hilfe unseres Warenwirtschaftssystems SAP.<\/p>\t\t\t\t\t\t\t\t<\/div>\n\t\t\t\t<\/div>\n\t\t\t\t\t<\/div>\n\t\t<\/div>\n\t\t\t\t<div class=\"elementor-column elementor-col-33 elementor-top-column elementor-element elementor-element-7ebd2b9\" data-id=\"7ebd2b9\" data-element_type=\"column\" data-e-type=\"column\">\n\t\t\t<div class=\"elementor-widget-wrap elementor-element-populated\">\n\t\t\t\t\t\t<div class=\"elementor-element elementor-element-3f5373a elementor-widget elementor-widget-image\" data-id=\"3f5373a\" data-element_type=\"widget\" data-e-type=\"widget\" data-widget_type=\"image.default\">\n\t\t\t\t<div class=\"elementor-widget-container\">\n\t\t\t\t\t\t\t\t\t\t\t\t\t\t\t<img fetchpriority=\"high\" decoding=\"async\" width=\"1800\" height=\"1167\" src=\"https:\/\/www.tectron-worbis.de\/wp-content\/uploads\/2025\/08\/GF_MONTAGE-t.jpg\" class=\"attachment-full size-full wp-image-3703\" alt=\"\" srcset=\"https:\/\/www.tectron-worbis.de\/wp-content\/uploads\/2025\/08\/GF_MONTAGE-t.jpg 1800w, https:\/\/www.tectron-worbis.de\/wp-content\/uploads\/2025\/08\/GF_MONTAGE-t-300x195.jpg 300w, https:\/\/www.tectron-worbis.de\/wp-content\/uploads\/2025\/08\/GF_MONTAGE-t-1024x664.jpg 1024w, https:\/\/www.tectron-worbis.de\/wp-content\/uploads\/2025\/08\/GF_MONTAGE-t-768x498.jpg 768w, https:\/\/www.tectron-worbis.de\/wp-content\/uploads\/2025\/08\/GF_MONTAGE-t-1536x996.jpg 1536w, https:\/\/www.tectron-worbis.de\/wp-content\/uploads\/2025\/08\/GF_MONTAGE-t-18x12.jpg 18w, https:\/\/www.tectron-worbis.de\/wp-content\/uploads\/2025\/08\/GF_MONTAGE-t-600x389.jpg 600w\" sizes=\"(max-width: 1800px) 100vw, 1800px\" \/>\t\t\t\t\t\t\t\t\t\t\t\t\t\t\t<\/div>\n\t\t\t\t<\/div>\n\t\t\t\t\t<\/div>\n\t\t<\/div>\n\t\t\t\t\t<\/div>\n\t\t<\/section>\n\t\t\t\t<section class=\"elementor-section elementor-top-section elementor-element elementor-element-effcf97 elementor-section-stretched elementor-section-boxed elementor-section-height-default elementor-section-height-default\" data-id=\"effcf97\" data-element_type=\"section\" data-e-type=\"section\" data-settings=\"{&quot;stretch_section&quot;:&quot;section-stretched&quot;,&quot;jet_parallax_layout_list&quot;:[],&quot;background_background&quot;:&quot;classic&quot;}\">\n\t\t\t\t\t\t<div class=\"elementor-container elementor-column-gap-default\">\n\t\t\t\t\t<div class=\"elementor-column elementor-col-100 elementor-top-column elementor-element elementor-element-55a8cfe\" data-id=\"55a8cfe\" data-element_type=\"column\" data-e-type=\"column\">\n\t\t\t<div class=\"elementor-widget-wrap elementor-element-populated\">\n\t\t\t\t\t\t<div class=\"elementor-element elementor-element-bae4ccf elementor-widget elementor-widget-heading\" data-id=\"bae4ccf\" data-element_type=\"widget\" data-e-type=\"widget\" data-widget_type=\"heading.default\">\n\t\t\t\t<div class=\"elementor-widget-container\">\n\t\t\t\t\t<h2 class=\"elementor-heading-title elementor-size-default\">Kontaktieren Sie unser Team<\/h2>\t\t\t\t<\/div>\n\t\t\t\t<\/div>\n\t\t\t\t<div class=\"elementor-element elementor-element-b3b5757 elementor-widget elementor-widget-spacer\" data-id=\"b3b5757\" data-element_type=\"widget\" data-e-type=\"widget\" data-widget_type=\"spacer.default\">\n\t\t\t\t<div class=\"elementor-widget-container\">\n\t\t\t\t\t\t\t<div class=\"elementor-spacer\">\n\t\t\t<div class=\"elementor-spacer-inner\"><\/div>\n\t\t<\/div>\n\t\t\t\t\t\t<\/div>\n\t\t\t\t<\/div>\n\t\t\t\t<div class=\"elementor-element elementor-element-79dc4b0 elementor-widget elementor-widget-text-editor\" data-id=\"79dc4b0\" data-element_type=\"widget\" data-e-type=\"widget\" data-widget_type=\"text-editor.default\">\n\t\t\t\t<div class=\"elementor-widget-container\">\n\t\t\t\t\t\t\t\t\t<p>Sie w\u00fcnschen sich Experten,<br \/>die Sie bei der Materialbeschaffung unterst\u00fctzen? <br \/>Rufen Sie uns an.<\/p>\t\t\t\t\t\t\t\t<\/div>\n\t\t\t\t<\/div>\n\t\t\t\t<div class=\"elementor-element elementor-element-106b12a elementor-widget elementor-widget-spacer\" data-id=\"106b12a\" data-element_type=\"widget\" data-e-type=\"widget\" data-widget_type=\"spacer.default\">\n\t\t\t\t<div class=\"elementor-widget-container\">\n\t\t\t\t\t\t\t<div class=\"elementor-spacer\">\n\t\t\t<div class=\"elementor-spacer-inner\"><\/div>\n\t\t<\/div>\n\t\t\t\t\t\t<\/div>\n\t\t\t\t<\/div>\n\t\t\t\t<div class=\"elementor-element elementor-element-4b43248 elementor-align-center elementor-widget elementor-widget-button\" data-id=\"4b43248\" data-element_type=\"widget\" data-e-type=\"widget\" data-widget_type=\"button.default\">\n\t\t\t\t<div class=\"elementor-widget-container\">\n\t\t\t\t\t\t\t\t\t<div class=\"elementor-button-wrapper\">\n\t\t\t\t\t<a class=\"elementor-button elementor-button-link elementor-size-sm\" href=\"tel:tel:0049360747510\">\n\t\t\t\t\t\t<span class=\"elementor-button-content-wrapper\">\n\t\t\t\t\t\t\t\t\t<span class=\"elementor-button-text\">Hier klicken \u27f6<\/span>\n\t\t\t\t\t<\/span>\n\t\t\t\t\t<\/a>\n\t\t\t\t<\/div>\n\t\t\t\t\t\t\t\t<\/div>\n\t\t\t\t<\/div>\n\t\t\t\t\t<\/div>\n\t\t<\/div>\n\t\t\t\t\t<\/div>\n\t\t<\/section>\n\t\t\t\t<section class=\"elementor-section elementor-top-section elementor-element elementor-element-543b80f elementor-section-full_width elementor-section-stretched elementor-section-height-default elementor-section-height-default\" data-id=\"543b80f\" data-element_type=\"section\" data-e-type=\"section\" data-settings=\"{&quot;stretch_section&quot;:&quot;section-stretched&quot;,&quot;jet_parallax_layout_list&quot;:[]}\">\n\t\t\t\t\t\t<div class=\"elementor-container elementor-column-gap-default\">\n\t\t\t\t\t<div class=\"elementor-column elementor-col-50 elementor-top-column elementor-element elementor-element-46b59e0\" data-id=\"46b59e0\" data-element_type=\"column\" data-e-type=\"column\">\n\t\t\t<div class=\"elementor-widget-wrap elementor-element-populated\">\n\t\t\t\t\t\t<div class=\"elementor-element elementor-element-2c0c593c elementor-invisible elementor-widget elementor-widget-heading\" data-id=\"2c0c593c\" data-element_type=\"widget\" data-e-type=\"widget\" data-settings=\"{&quot;_animation&quot;:&quot;fadeInLeft&quot;}\" data-widget_type=\"heading.default\">\n\t\t\t\t<div class=\"elementor-widget-container\">\n\t\t\t\t\t<h2 class=\"elementor-heading-title elementor-size-default\">Das TECTRON WORBIS<br>Versprechen<\/h2>\t\t\t\t<\/div>\n\t\t\t\t<\/div>\n\t\t\t\t\t<\/div>\n\t\t<\/div>\n\t\t\t\t<div class=\"elementor-column elementor-col-50 elementor-top-column elementor-element elementor-element-6d1876f\" data-id=\"6d1876f\" data-element_type=\"column\" data-e-type=\"column\">\n\t\t\t<div class=\"elementor-widget-wrap elementor-element-populated\">\n\t\t\t\t\t\t<div class=\"elementor-element elementor-element-2d136303 elementor-icon-list--layout-traditional elementor-list-item-link-full_width elementor-widget elementor-widget-icon-list\" data-id=\"2d136303\" data-element_type=\"widget\" data-e-type=\"widget\" data-widget_type=\"icon-list.default\">\n\t\t\t\t<div class=\"elementor-widget-container\">\n\t\t\t\t\t\t\t<ul class=\"elementor-icon-list-items\">\n\t\t\t\t\t\t\t<li class=\"elementor-icon-list-item\">\n\t\t\t\t\t\t\t\t\t\t\t<span class=\"elementor-icon-list-icon\">\n\t\t\t\t\t\t\t<i aria-hidden=\"true\" class=\"fas fa-check\"><\/i>\t\t\t\t\t\t<\/span>\n\t\t\t\t\t\t\t\t\t\t<span class=\"elementor-icon-list-text\">Schnelle und effiziente Umsetzung Ihres Projektes<\/span>\n\t\t\t\t\t\t\t\t\t<\/li>\n\t\t\t\t\t\t\t\t<li class=\"elementor-icon-list-item\">\n\t\t\t\t\t\t\t\t\t\t\t<span class=\"elementor-icon-list-icon\">\n\t\t\t\t\t\t\t<i aria-hidden=\"true\" class=\"fas fa-check\"><\/i>\t\t\t\t\t\t<\/span>\n\t\t\t\t\t\t\t\t\t\t<span class=\"elementor-icon-list-text\">Gesamtheitliche Umsetzung durch hoch qualifizierte Mitarbeiter:innen<\/span>\n\t\t\t\t\t\t\t\t\t<\/li>\n\t\t\t\t\t\t\t\t<li class=\"elementor-icon-list-item\">\n\t\t\t\t\t\t\t\t\t\t\t<span class=\"elementor-icon-list-icon\">\n\t\t\t\t\t\t\t<i aria-hidden=\"true\" class=\"fas fa-check\"><\/i>\t\t\t\t\t\t<\/span>\n\t\t\t\t\t\t\t\t\t\t<span class=\"elementor-icon-list-text\">Fr\u00fchzeitige Fertigung zu Serienbedingungen<\/span>\n\t\t\t\t\t\t\t\t\t<\/li>\n\t\t\t\t\t\t\t\t<li class=\"elementor-icon-list-item\">\n\t\t\t\t\t\t\t\t\t\t\t<span class=\"elementor-icon-list-icon\">\n\t\t\t\t\t\t\t<i aria-hidden=\"true\" class=\"fas fa-check\"><\/i>\t\t\t\t\t\t<\/span>\n\t\t\t\t\t\t\t\t\t\t<span class=\"elementor-icon-list-text\">Kundenspezifische L\u00f6sungsans\u00e4tze zur passgenauen Fertigung<\/span>\n\t\t\t\t\t\t\t\t\t<\/li>\n\t\t\t\t\t\t\t\t<li class=\"elementor-icon-list-item\">\n\t\t\t\t\t\t\t\t\t\t\t<span class=\"elementor-icon-list-icon\">\n\t\t\t\t\t\t\t<i aria-hidden=\"true\" class=\"fas fa-check\"><\/i>\t\t\t\t\t\t<\/span>\n\t\t\t\t\t\t\t\t\t\t<span class=\"elementor-icon-list-text\">H\u00f6chste Qualit\u00e4tsanforderungen bei allen Arbeitsschritten<\/span>\n\t\t\t\t\t\t\t\t\t<\/li>\n\t\t\t\t\t\t\t\t<li class=\"elementor-icon-list-item\">\n\t\t\t\t\t\t\t\t\t\t\t<span class=\"elementor-icon-list-icon\">\n\t\t\t\t\t\t\t<i aria-hidden=\"true\" class=\"fas fa-check\"><\/i>\t\t\t\t\t\t<\/span>\n\t\t\t\t\t\t\t\t\t\t<span class=\"elementor-icon-list-text\">Innovative Entwurfsmethodik zur fr\u00fchzeitigen Problemerkennung<\/span>\n\t\t\t\t\t\t\t\t\t<\/li>\n\t\t\t\t\t\t<\/ul>\n\t\t\t\t\t\t<\/div>\n\t\t\t\t<\/div>\n\t\t\t\t\t<\/div>\n\t\t<\/div>\n\t\t\t\t\t<\/div>\n\t\t<\/section>\n\t\t\t\t<\/div>\n\t\t","protected":false},"excerpt":{"rendered":"<p>Ihr Team f\u00fcr den Einkauf bei Tectron Worbis Materialbeschaffung und Einkauf der Bauteile Auch bei der Materialbeschaffung k\u00f6nnen Sie sich voll auf uns verlassen \u2013 und das weltweit. F\u00fcr ein marktgerechtes Produkt ist der Materialwert einer der wichtigsten Faktoren. Unser erfahrenes Team im Einkauf bezieht die Bauteile von einem weltweiten Lieferantennetz. Dabei z\u00e4hlen f\u00fcr uns [&hellip;]<\/p>\n","protected":false},"author":5,"featured_media":0,"parent":398,"menu_order":15,"comment_status":"closed","ping_status":"closed","template":"elementor_header_footer","meta":{"footnotes":""},"class_list":["post-4085","page","type-page","status-publish","hentry"],"yoast_head":"<!-- This site is optimized with the Yoast SEO plugin v27.5 - https:\/\/yoast.com\/product\/yoast-seo-wordpress\/ -->\n<title>NEU Materialeinkauf &#8211; TECTRON WORBIS<\/title>\n<meta name=\"robots\" content=\"index, follow, max-snippet:-1, max-image-preview:large, max-video-preview:-1\" \/>\n<link rel=\"canonical\" href=\"https:\/\/www.tectron-worbis.de\/de\/dienstleistungen\/neu-materialeinkauf\/\" \/>\n<meta property=\"og:locale\" content=\"de_DE\" \/>\n<meta property=\"og:type\" content=\"article\" \/>\n<meta property=\"og:title\" content=\"NEU Materialeinkauf &#8211; TECTRON WORBIS\" \/>\n<meta property=\"og:description\" content=\"Ihr Team f\u00fcr den Einkauf bei Tectron Worbis Materialbeschaffung und Einkauf der Bauteile Auch bei der Materialbeschaffung k\u00f6nnen Sie sich voll auf uns verlassen \u2013 und das weltweit. F\u00fcr ein marktgerechtes Produkt ist der Materialwert einer der wichtigsten Faktoren. Unser erfahrenes Team im Einkauf bezieht die Bauteile von einem weltweiten Lieferantennetz. Dabei z\u00e4hlen f\u00fcr uns [&hellip;]\" \/>\n<meta property=\"og:url\" content=\"https:\/\/www.tectron-worbis.de\/de\/dienstleistungen\/neu-materialeinkauf\/\" \/>\n<meta property=\"og:site_name\" content=\"TECTRON WORBIS\" \/>\n<meta property=\"article:modified_time\" content=\"2025-12-08T13:39:55+00:00\" \/>\n<meta property=\"og:image\" content=\"https:\/\/www.tectron-worbis.de\/wp-content\/uploads\/2025\/08\/GF_MONTAGE-t.jpg\" \/>\n\t<meta property=\"og:image:width\" content=\"1800\" \/>\n\t<meta property=\"og:image:height\" content=\"1167\" \/>\n\t<meta property=\"og:image:type\" content=\"image\/jpeg\" \/>\n<meta name=\"twitter:card\" content=\"summary_large_image\" \/>\n<meta name=\"twitter:label1\" content=\"Gesch\u00e4tzte Lesezeit\" \/>\n\t<meta name=\"twitter:data1\" content=\"1\u00a0Minute\" \/>\n<script type=\"application\/ld+json\" class=\"yoast-schema-graph\">{\"@context\":\"https:\\\/\\\/schema.org\",\"@graph\":[{\"@type\":\"WebPage\",\"@id\":\"https:\\\/\\\/www.tectron-worbis.de\\\/dienstleistungen\\\/neu-materialeinkauf\\\/\",\"url\":\"https:\\\/\\\/www.tectron-worbis.de\\\/dienstleistungen\\\/neu-materialeinkauf\\\/\",\"name\":\"NEU Materialeinkauf &#8211; TECTRON WORBIS\",\"isPartOf\":{\"@id\":\"https:\\\/\\\/www.tectron-worbis.de\\\/de\\\/#website\"},\"primaryImageOfPage\":{\"@id\":\"https:\\\/\\\/www.tectron-worbis.de\\\/dienstleistungen\\\/neu-materialeinkauf\\\/#primaryimage\"},\"image\":{\"@id\":\"https:\\\/\\\/www.tectron-worbis.de\\\/dienstleistungen\\\/neu-materialeinkauf\\\/#primaryimage\"},\"thumbnailUrl\":\"https:\\\/\\\/www.tectron-worbis.de\\\/wp-content\\\/uploads\\\/2025\\\/08\\\/GF_MONTAGE-t.jpg\",\"datePublished\":\"2025-10-08T08:32:41+00:00\",\"dateModified\":\"2025-12-08T13:39:55+00:00\",\"breadcrumb\":{\"@id\":\"https:\\\/\\\/www.tectron-worbis.de\\\/dienstleistungen\\\/neu-materialeinkauf\\\/#breadcrumb\"},\"inLanguage\":\"de\",\"potentialAction\":[{\"@type\":\"ReadAction\",\"target\":[\"https:\\\/\\\/www.tectron-worbis.de\\\/dienstleistungen\\\/neu-materialeinkauf\\\/\"]}]},{\"@type\":\"ImageObject\",\"inLanguage\":\"de\",\"@id\":\"https:\\\/\\\/www.tectron-worbis.de\\\/dienstleistungen\\\/neu-materialeinkauf\\\/#primaryimage\",\"url\":\"https:\\\/\\\/www.tectron-worbis.de\\\/wp-content\\\/uploads\\\/2025\\\/08\\\/GF_MONTAGE-t.jpg\",\"contentUrl\":\"https:\\\/\\\/www.tectron-worbis.de\\\/wp-content\\\/uploads\\\/2025\\\/08\\\/GF_MONTAGE-t.jpg\"},{\"@type\":\"BreadcrumbList\",\"@id\":\"https:\\\/\\\/www.tectron-worbis.de\\\/dienstleistungen\\\/neu-materialeinkauf\\\/#breadcrumb\",\"itemListElement\":[{\"@type\":\"ListItem\",\"position\":1,\"name\":\"Startseite\",\"item\":\"https:\\\/\\\/www.tectron-worbis.de\\\/de\\\/\"},{\"@type\":\"ListItem\",\"position\":2,\"name\":\"Dienstleistungen\",\"item\":\"https:\\\/\\\/www.tectron-worbis.de\\\/de\\\/dienstleistungen\\\/\"},{\"@type\":\"ListItem\",\"position\":3,\"name\":\"NEU Materialeinkauf\"}]},{\"@type\":\"WebSite\",\"@id\":\"https:\\\/\\\/www.tectron-worbis.de\\\/de\\\/#website\",\"url\":\"https:\\\/\\\/www.tectron-worbis.de\\\/de\\\/\",\"name\":\"TECTRON WORBIS\",\"description\":\"Ihr EMS Dienstleister aus Th\u00fcringen\",\"publisher\":{\"@id\":\"https:\\\/\\\/www.tectron-worbis.de\\\/de\\\/#organization\"},\"potentialAction\":[{\"@type\":\"SearchAction\",\"target\":{\"@type\":\"EntryPoint\",\"urlTemplate\":\"https:\\\/\\\/www.tectron-worbis.de\\\/de\\\/?s={search_term_string}\"},\"query-input\":{\"@type\":\"PropertyValueSpecification\",\"valueRequired\":true,\"valueName\":\"search_term_string\"}}],\"inLanguage\":\"de\"},{\"@type\":\"Organization\",\"@id\":\"https:\\\/\\\/www.tectron-worbis.de\\\/de\\\/#organization\",\"name\":\"TECTRON WORBIS\",\"url\":\"https:\\\/\\\/www.tectron-worbis.de\\\/de\\\/\",\"logo\":{\"@type\":\"ImageObject\",\"inLanguage\":\"de\",\"@id\":\"https:\\\/\\\/www.tectron-worbis.de\\\/de\\\/#\\\/schema\\\/logo\\\/image\\\/\",\"url\":\"https:\\\/\\\/www.tectron-worbis.de\\\/wp-content\\\/uploads\\\/2021\\\/10\\\/LOGO-BLACK.png\",\"contentUrl\":\"https:\\\/\\\/www.tectron-worbis.de\\\/wp-content\\\/uploads\\\/2021\\\/10\\\/LOGO-BLACK.png\",\"width\":707,\"height\":187,\"caption\":\"TECTRON WORBIS\"},\"image\":{\"@id\":\"https:\\\/\\\/www.tectron-worbis.de\\\/de\\\/#\\\/schema\\\/logo\\\/image\\\/\"}}]}<\/script>\n<!-- \/ Yoast SEO plugin. -->","yoast_head_json":{"title":"NEU Materialeinkauf &#8211; TECTRON WORBIS","robots":{"index":"index","follow":"follow","max-snippet":"max-snippet:-1","max-image-preview":"max-image-preview:large","max-video-preview":"max-video-preview:-1"},"canonical":"https:\/\/www.tectron-worbis.de\/de\/dienstleistungen\/neu-materialeinkauf\/","og_locale":"de_DE","og_type":"article","og_title":"NEU Materialeinkauf &#8211; TECTRON WORBIS","og_description":"Ihr Team f\u00fcr den Einkauf bei Tectron Worbis Materialbeschaffung und Einkauf der Bauteile Auch bei der Materialbeschaffung k\u00f6nnen Sie sich voll auf uns verlassen \u2013 und das weltweit. F\u00fcr ein marktgerechtes Produkt ist der Materialwert einer der wichtigsten Faktoren. Unser erfahrenes Team im Einkauf bezieht die Bauteile von einem weltweiten Lieferantennetz. Dabei z\u00e4hlen f\u00fcr uns [&hellip;]","og_url":"https:\/\/www.tectron-worbis.de\/de\/dienstleistungen\/neu-materialeinkauf\/","og_site_name":"TECTRON WORBIS","article_modified_time":"2025-12-08T13:39:55+00:00","og_image":[{"width":1800,"height":1167,"url":"https:\/\/www.tectron-worbis.de\/wp-content\/uploads\/2025\/08\/GF_MONTAGE-t.jpg","type":"image\/jpeg"}],"twitter_card":"summary_large_image","twitter_misc":{"Gesch\u00e4tzte Lesezeit":"1\u00a0Minute"},"schema":{"@context":"https:\/\/schema.org","@graph":[{"@type":"WebPage","@id":"https:\/\/www.tectron-worbis.de\/dienstleistungen\/neu-materialeinkauf\/","url":"https:\/\/www.tectron-worbis.de\/dienstleistungen\/neu-materialeinkauf\/","name":"NEU Materialeinkauf &#8211; TECTRON WORBIS","isPartOf":{"@id":"https:\/\/www.tectron-worbis.de\/de\/#website"},"primaryImageOfPage":{"@id":"https:\/\/www.tectron-worbis.de\/dienstleistungen\/neu-materialeinkauf\/#primaryimage"},"image":{"@id":"https:\/\/www.tectron-worbis.de\/dienstleistungen\/neu-materialeinkauf\/#primaryimage"},"thumbnailUrl":"https:\/\/www.tectron-worbis.de\/wp-content\/uploads\/2025\/08\/GF_MONTAGE-t.jpg","datePublished":"2025-10-08T08:32:41+00:00","dateModified":"2025-12-08T13:39:55+00:00","breadcrumb":{"@id":"https:\/\/www.tectron-worbis.de\/dienstleistungen\/neu-materialeinkauf\/#breadcrumb"},"inLanguage":"de","potentialAction":[{"@type":"ReadAction","target":["https:\/\/www.tectron-worbis.de\/dienstleistungen\/neu-materialeinkauf\/"]}]},{"@type":"ImageObject","inLanguage":"de","@id":"https:\/\/www.tectron-worbis.de\/dienstleistungen\/neu-materialeinkauf\/#primaryimage","url":"https:\/\/www.tectron-worbis.de\/wp-content\/uploads\/2025\/08\/GF_MONTAGE-t.jpg","contentUrl":"https:\/\/www.tectron-worbis.de\/wp-content\/uploads\/2025\/08\/GF_MONTAGE-t.jpg"},{"@type":"BreadcrumbList","@id":"https:\/\/www.tectron-worbis.de\/dienstleistungen\/neu-materialeinkauf\/#breadcrumb","itemListElement":[{"@type":"ListItem","position":1,"name":"Startseite","item":"https:\/\/www.tectron-worbis.de\/de\/"},{"@type":"ListItem","position":2,"name":"Dienstleistungen","item":"https:\/\/www.tectron-worbis.de\/de\/dienstleistungen\/"},{"@type":"ListItem","position":3,"name":"NEU Materialeinkauf"}]},{"@type":"WebSite","@id":"https:\/\/www.tectron-worbis.de\/de\/#website","url":"https:\/\/www.tectron-worbis.de\/de\/","name":"TECTRON WORBIS","description":"Ihr EMS Dienstleister aus Th\u00fcringen","publisher":{"@id":"https:\/\/www.tectron-worbis.de\/de\/#organization"},"potentialAction":[{"@type":"SearchAction","target":{"@type":"EntryPoint","urlTemplate":"https:\/\/www.tectron-worbis.de\/de\/?s={search_term_string}"},"query-input":{"@type":"PropertyValueSpecification","valueRequired":true,"valueName":"search_term_string"}}],"inLanguage":"de"},{"@type":"Organization","@id":"https:\/\/www.tectron-worbis.de\/de\/#organization","name":"TECTRON WORBIS","url":"https:\/\/www.tectron-worbis.de\/de\/","logo":{"@type":"ImageObject","inLanguage":"de","@id":"https:\/\/www.tectron-worbis.de\/de\/#\/schema\/logo\/image\/","url":"https:\/\/www.tectron-worbis.de\/wp-content\/uploads\/2021\/10\/LOGO-BLACK.png","contentUrl":"https:\/\/www.tectron-worbis.de\/wp-content\/uploads\/2021\/10\/LOGO-BLACK.png","width":707,"height":187,"caption":"TECTRON WORBIS"},"image":{"@id":"https:\/\/www.tectron-worbis.de\/de\/#\/schema\/logo\/image\/"}}]}},"_links":{"self":[{"href":"https:\/\/www.tectron-worbis.de\/de\/wp-json\/wp\/v2\/pages\/4085","targetHints":{"allow":["GET"]}}],"collection":[{"href":"https:\/\/www.tectron-worbis.de\/de\/wp-json\/wp\/v2\/pages"}],"about":[{"href":"https:\/\/www.tectron-worbis.de\/de\/wp-json\/wp\/v2\/types\/page"}],"author":[{"embeddable":true,"href":"https:\/\/www.tectron-worbis.de\/de\/wp-json\/wp\/v2\/users\/5"}],"replies":[{"embeddable":true,"href":"https:\/\/www.tectron-worbis.de\/de\/wp-json\/wp\/v2\/comments?post=4085"}],"version-history":[{"count":55,"href":"https:\/\/www.tectron-worbis.de\/de\/wp-json\/wp\/v2\/pages\/4085\/revisions"}],"predecessor-version":[{"id":4466,"href":"https:\/\/www.tectron-worbis.de\/de\/wp-json\/wp\/v2\/pages\/4085\/revisions\/4466"}],"up":[{"embeddable":true,"href":"https:\/\/www.tectron-worbis.de\/de\/wp-json\/wp\/v2\/pages\/398"}],"wp:attachment":[{"href":"https:\/\/www.tectron-worbis.de\/de\/wp-json\/wp\/v2\/media?parent=4085"}],"curies":[{"name":"wp","href":"https:\/\/api.w.org\/{rel}","templated":true}]}}