{"id":416,"date":"2018-03-06T17:07:53","date_gmt":"2018-03-06T16:07:53","guid":{"rendered":"https:\/\/tectron-worbis.de.46-4-53-222.vorschau.marketing-thom.de\/?page_id=416"},"modified":"2025-08-18T14:02:06","modified_gmt":"2025-08-18T12:02:06","slug":"tht-fertigung","status":"publish","type":"page","link":"https:\/\/www.tectron-worbis.de\/de\/produktion\/tht-fertigung\/","title":{"rendered":"THT-Fertigung"},"content":{"rendered":"\t\t<div data-elementor-type=\"wp-page\" data-elementor-id=\"416\" class=\"elementor elementor-416\" data-elementor-post-type=\"page\">\n\t\t\t\t\t\t<section class=\"elementor-section elementor-top-section elementor-element elementor-element-570a57d1 elementor-section-boxed elementor-section-height-default elementor-section-height-default\" data-id=\"570a57d1\" data-element_type=\"section\" data-e-type=\"section\" data-settings=\"{&quot;jet_parallax_layout_list&quot;:[{&quot;jet_parallax_layout_image&quot;:{&quot;url&quot;:&quot;&quot;,&quot;id&quot;:&quot;&quot;,&quot;size&quot;:&quot;&quot;},&quot;_id&quot;:&quot;196d18a&quot;,&quot;jet_parallax_layout_image_tablet&quot;:{&quot;url&quot;:&quot;&quot;,&quot;id&quot;:&quot;&quot;,&quot;size&quot;:&quot;&quot;},&quot;jet_parallax_layout_image_mobile&quot;:{&quot;url&quot;:&quot;&quot;,&quot;id&quot;:&quot;&quot;,&quot;size&quot;:&quot;&quot;},&quot;jet_parallax_layout_speed&quot;:{&quot;unit&quot;:&quot;%&quot;,&quot;size&quot;:50,&quot;sizes&quot;:[]},&quot;jet_parallax_layout_type&quot;:&quot;scroll&quot;,&quot;jet_parallax_layout_direction&quot;:null,&quot;jet_parallax_layout_fx_direction&quot;:null,&quot;jet_parallax_layout_z_index&quot;:&quot;&quot;,&quot;jet_parallax_layout_bg_x&quot;:50,&quot;jet_parallax_layout_bg_x_tablet&quot;:&quot;&quot;,&quot;jet_parallax_layout_bg_x_mobile&quot;:&quot;&quot;,&quot;jet_parallax_layout_bg_y&quot;:50,&quot;jet_parallax_layout_bg_y_tablet&quot;:&quot;&quot;,&quot;jet_parallax_layout_bg_y_mobile&quot;:&quot;&quot;,&quot;jet_parallax_layout_bg_size&quot;:&quot;auto&quot;,&quot;jet_parallax_layout_bg_size_tablet&quot;:&quot;&quot;,&quot;jet_parallax_layout_bg_size_mobile&quot;:&quot;&quot;,&quot;jet_parallax_layout_animation_prop&quot;:&quot;transform&quot;,&quot;jet_parallax_layout_on&quot;:[&quot;desktop&quot;,&quot;tablet&quot;]}]}\">\n\t\t\t\t\t\t<div class=\"elementor-container elementor-column-gap-default\">\n\t\t\t\t\t<div class=\"elementor-column elementor-col-33 elementor-top-column elementor-element elementor-element-532e811a\" data-id=\"532e811a\" data-element_type=\"column\" data-e-type=\"column\">\n\t\t\t<div class=\"elementor-widget-wrap elementor-element-populated\">\n\t\t\t\t\t\t<div class=\"elementor-element elementor-element-2f44e8c9 elementor-widget elementor-widget-heading\" data-id=\"2f44e8c9\" data-element_type=\"widget\" data-e-type=\"widget\" data-widget_type=\"heading.default\">\n\t\t\t\t<div class=\"elementor-widget-container\">\n\t\t\t\t\t<h2 class=\"elementor-heading-title elementor-size-default\">THT-Fertigung f\u00fcr bedrahtete Bauelemente<\/h2>\t\t\t\t<\/div>\n\t\t\t\t<\/div>\n\t\t\t\t<div class=\"elementor-element elementor-element-6cd70b62 elementor-widget elementor-widget-text-editor\" data-id=\"6cd70b62\" data-element_type=\"widget\" data-e-type=\"widget\" data-widget_type=\"text-editor.default\">\n\t\t\t\t<div class=\"elementor-widget-container\">\n\t\t\t\t\t\t\t\t\t<p>Bei der Through-Hole-Technology \u2013 kurz THT \u2013 handelt es sich um eine besondere Art der Leiterplattenbest\u00fcckung. Sobald die Durchsteckmontage zur Anwendung kommt, haben die einzelnen Bauteile Drahtanschl\u00fcsse, die durch die vorhandenen Kontaktl\u00f6cher der Leiterplatte gesteckt werden. Im Anschluss erfolgt zudem eine spezielle Wellenl\u00f6tung, Selektivl\u00f6tung oder auch eine manuelle L\u00f6tung von Hand. Bei diesem Verfahren f\u00e4llt der manuelle Arbeitsaufwand zumeist deutlich h\u00f6her aus, als bei der vollautomatisierten SMT-Fertigung. Trotz des hohen Aufwands ist die THT-Fertigung in vielen Branchen bisher unverzichtbar, da einige Leiterplatten nicht vollst\u00e4ndig oder gar nicht automatisiert best\u00fcckt werden k\u00f6nnen.<\/p>\t\t\t\t\t\t\t\t<\/div>\n\t\t\t\t<\/div>\n\t\t\t\t\t<\/div>\n\t\t<\/div>\n\t\t\t\t<div class=\"elementor-column elementor-col-66 elementor-top-column elementor-element elementor-element-3ced483f\" data-id=\"3ced483f\" data-element_type=\"column\" data-e-type=\"column\">\n\t\t\t<div class=\"elementor-widget-wrap elementor-element-populated\">\n\t\t\t\t\t\t<div class=\"elementor-element elementor-element-e427153 elementor-widget elementor-widget-image\" data-id=\"e427153\" data-element_type=\"widget\" data-e-type=\"widget\" data-widget_type=\"image.default\">\n\t\t\t\t<div class=\"elementor-widget-container\">\n\t\t\t\t\t\t\t\t\t\t\t\t\t\t\t<img fetchpriority=\"high\" decoding=\"async\" width=\"1024\" height=\"683\" src=\"https:\/\/www.tectron-worbis.de\/wp-content\/uploads\/2021\/07\/TECTRON_JPG-156_web-1024x683.jpg\" class=\"attachment-large size-large wp-image-1958\" alt=\"\" srcset=\"https:\/\/www.tectron-worbis.de\/wp-content\/uploads\/2021\/07\/TECTRON_JPG-156_web-1024x683.jpg 1024w, https:\/\/www.tectron-worbis.de\/wp-content\/uploads\/2021\/07\/TECTRON_JPG-156_web-300x200.jpg 300w, https:\/\/www.tectron-worbis.de\/wp-content\/uploads\/2021\/07\/TECTRON_JPG-156_web-768x512.jpg 768w, https:\/\/www.tectron-worbis.de\/wp-content\/uploads\/2021\/07\/TECTRON_JPG-156_web-1536x1024.jpg 1536w, https:\/\/www.tectron-worbis.de\/wp-content\/uploads\/2021\/07\/TECTRON_JPG-156_web-600x400.jpg 600w, https:\/\/www.tectron-worbis.de\/wp-content\/uploads\/2021\/07\/TECTRON_JPG-156_web.jpg 1900w\" sizes=\"(max-width: 1024px) 100vw, 1024px\" \/>\t\t\t\t\t\t\t\t\t\t\t\t\t\t\t<\/div>\n\t\t\t\t<\/div>\n\t\t\t\t\t<\/div>\n\t\t<\/div>\n\t\t\t\t\t<\/div>\n\t\t<\/section>\n\t\t\t\t<section class=\"elementor-section elementor-top-section elementor-element elementor-element-2c4a18a elementor-section-boxed elementor-section-height-default elementor-section-height-default\" data-id=\"2c4a18a\" data-element_type=\"section\" data-e-type=\"section\" data-settings=\"{&quot;jet_parallax_layout_list&quot;:[{&quot;jet_parallax_layout_image&quot;:{&quot;url&quot;:&quot;&quot;,&quot;id&quot;:&quot;&quot;,&quot;size&quot;:&quot;&quot;},&quot;_id&quot;:&quot;4c3c896&quot;,&quot;jet_parallax_layout_image_tablet&quot;:{&quot;url&quot;:&quot;&quot;,&quot;id&quot;:&quot;&quot;,&quot;size&quot;:&quot;&quot;},&quot;jet_parallax_layout_image_mobile&quot;:{&quot;url&quot;:&quot;&quot;,&quot;id&quot;:&quot;&quot;,&quot;size&quot;:&quot;&quot;},&quot;jet_parallax_layout_speed&quot;:{&quot;unit&quot;:&quot;%&quot;,&quot;size&quot;:50,&quot;sizes&quot;:[]},&quot;jet_parallax_layout_type&quot;:&quot;scroll&quot;,&quot;jet_parallax_layout_direction&quot;:null,&quot;jet_parallax_layout_fx_direction&quot;:null,&quot;jet_parallax_layout_z_index&quot;:&quot;&quot;,&quot;jet_parallax_layout_bg_x&quot;:50,&quot;jet_parallax_layout_bg_x_tablet&quot;:&quot;&quot;,&quot;jet_parallax_layout_bg_x_mobile&quot;:&quot;&quot;,&quot;jet_parallax_layout_bg_y&quot;:50,&quot;jet_parallax_layout_bg_y_tablet&quot;:&quot;&quot;,&quot;jet_parallax_layout_bg_y_mobile&quot;:&quot;&quot;,&quot;jet_parallax_layout_bg_size&quot;:&quot;auto&quot;,&quot;jet_parallax_layout_bg_size_tablet&quot;:&quot;&quot;,&quot;jet_parallax_layout_bg_size_mobile&quot;:&quot;&quot;,&quot;jet_parallax_layout_animation_prop&quot;:&quot;transform&quot;,&quot;jet_parallax_layout_on&quot;:[&quot;desktop&quot;,&quot;tablet&quot;]}]}\">\n\t\t\t\t\t\t<div class=\"elementor-container elementor-column-gap-default\">\n\t\t\t\t\t<div class=\"elementor-column elementor-col-66 elementor-top-column elementor-element elementor-element-b0eed1a\" data-id=\"b0eed1a\" data-element_type=\"column\" data-e-type=\"column\">\n\t\t\t<div class=\"elementor-widget-wrap elementor-element-populated\">\n\t\t\t\t\t\t<div class=\"elementor-element elementor-element-3b3ca9b elementor-widget elementor-widget-image\" data-id=\"3b3ca9b\" data-element_type=\"widget\" data-e-type=\"widget\" data-widget_type=\"image.default\">\n\t\t\t\t<div class=\"elementor-widget-container\">\n\t\t\t\t\t\t\t\t\t\t\t\t\t\t\t<img decoding=\"async\" width=\"999\" height=\"666\" src=\"https:\/\/www.tectron-worbis.de\/wp-content\/uploads\/2021\/09\/TECTRON_JPG-138.jpg\" class=\"attachment-large size-large wp-image-2460\" alt=\"TECTRON Qualit\u00e4t\" srcset=\"https:\/\/www.tectron-worbis.de\/wp-content\/uploads\/2021\/09\/TECTRON_JPG-138.jpg 999w, https:\/\/www.tectron-worbis.de\/wp-content\/uploads\/2021\/09\/TECTRON_JPG-138-300x200.jpg 300w, https:\/\/www.tectron-worbis.de\/wp-content\/uploads\/2021\/09\/TECTRON_JPG-138-768x512.jpg 768w, https:\/\/www.tectron-worbis.de\/wp-content\/uploads\/2021\/09\/TECTRON_JPG-138-18x12.jpg 18w, https:\/\/www.tectron-worbis.de\/wp-content\/uploads\/2021\/09\/TECTRON_JPG-138-600x400.jpg 600w\" sizes=\"(max-width: 999px) 100vw, 999px\" \/>\t\t\t\t\t\t\t\t\t\t\t\t\t\t\t<\/div>\n\t\t\t\t<\/div>\n\t\t\t\t\t<\/div>\n\t\t<\/div>\n\t\t\t\t<div class=\"elementor-column elementor-col-33 elementor-top-column elementor-element elementor-element-19f31dc\" data-id=\"19f31dc\" data-element_type=\"column\" data-e-type=\"column\">\n\t\t\t<div class=\"elementor-widget-wrap elementor-element-populated\">\n\t\t\t\t\t\t<div class=\"elementor-element elementor-element-df12130 elementor-widget elementor-widget-heading\" data-id=\"df12130\" data-element_type=\"widget\" data-e-type=\"widget\" data-widget_type=\"heading.default\">\n\t\t\t\t<div class=\"elementor-widget-container\">\n\t\t\t\t\t<h2 class=\"elementor-heading-title elementor-size-default\">Wo wird die THT-Fertigung eingesetzt?<\/h2>\t\t\t\t<\/div>\n\t\t\t\t<\/div>\n\t\t\t\t<div class=\"elementor-element elementor-element-90007cb elementor-widget elementor-widget-text-editor\" data-id=\"90007cb\" data-element_type=\"widget\" data-e-type=\"widget\" data-widget_type=\"text-editor.default\">\n\t\t\t\t<div class=\"elementor-widget-container\">\n\t\t\t\t\t\t\t\t\t<p>Auch wenn die THT-Fertigung in der Informationselektronik heutzutage immer seltener zum Einsatz kommt, nutzt man diese bedrahteten Bauelemente jedoch besonders bei einfacheren Produkten. Zudem m\u00fcssen die Bauelemente selbst eine hohe Stromtragf\u00e4higkeit aufweisen, die die Durchsteckmontage in vielen Bereichen unverzichtbar macht. Hier ist die Verdrahtung auch aufgrund der Anbindung an verschiedene Lagen der Leiterplatte erforderlich. Alle Bauelemente, die einer hohen mechanischen Belastung standhalten m\u00fcssen, k\u00f6nnen aus diesem Grund nur mithilfe des THT-Verfahrens montiert werden.<\/p>\t\t\t\t\t\t\t\t<\/div>\n\t\t\t\t<\/div>\n\t\t\t\t\t<\/div>\n\t\t<\/div>\n\t\t\t\t\t<\/div>\n\t\t<\/section>\n\t\t\t\t<section class=\"elementor-section elementor-top-section elementor-element elementor-element-632aae64 elementor-section-boxed elementor-section-height-default elementor-section-height-default\" data-id=\"632aae64\" data-element_type=\"section\" data-e-type=\"section\" data-settings=\"{&quot;jet_parallax_layout_list&quot;:[{&quot;jet_parallax_layout_image&quot;:{&quot;url&quot;:&quot;&quot;,&quot;id&quot;:&quot;&quot;,&quot;size&quot;:&quot;&quot;},&quot;_id&quot;:&quot;7e9a472&quot;,&quot;jet_parallax_layout_image_tablet&quot;:{&quot;url&quot;:&quot;&quot;,&quot;id&quot;:&quot;&quot;,&quot;size&quot;:&quot;&quot;},&quot;jet_parallax_layout_image_mobile&quot;:{&quot;url&quot;:&quot;&quot;,&quot;id&quot;:&quot;&quot;,&quot;size&quot;:&quot;&quot;},&quot;jet_parallax_layout_speed&quot;:{&quot;unit&quot;:&quot;%&quot;,&quot;size&quot;:50,&quot;sizes&quot;:[]},&quot;jet_parallax_layout_type&quot;:&quot;scroll&quot;,&quot;jet_parallax_layout_direction&quot;:null,&quot;jet_parallax_layout_fx_direction&quot;:null,&quot;jet_parallax_layout_z_index&quot;:&quot;&quot;,&quot;jet_parallax_layout_bg_x&quot;:50,&quot;jet_parallax_layout_bg_x_tablet&quot;:&quot;&quot;,&quot;jet_parallax_layout_bg_x_mobile&quot;:&quot;&quot;,&quot;jet_parallax_layout_bg_y&quot;:50,&quot;jet_parallax_layout_bg_y_tablet&quot;:&quot;&quot;,&quot;jet_parallax_layout_bg_y_mobile&quot;:&quot;&quot;,&quot;jet_parallax_layout_bg_size&quot;:&quot;auto&quot;,&quot;jet_parallax_layout_bg_size_tablet&quot;:&quot;&quot;,&quot;jet_parallax_layout_bg_size_mobile&quot;:&quot;&quot;,&quot;jet_parallax_layout_animation_prop&quot;:&quot;transform&quot;,&quot;jet_parallax_layout_on&quot;:[&quot;desktop&quot;,&quot;tablet&quot;]}]}\">\n\t\t\t\t\t\t<div class=\"elementor-container elementor-column-gap-default\">\n\t\t\t\t\t<div class=\"elementor-column elementor-col-100 elementor-top-column elementor-element elementor-element-20f35e4a\" data-id=\"20f35e4a\" data-element_type=\"column\" data-e-type=\"column\">\n\t\t\t<div class=\"elementor-widget-wrap elementor-element-populated\">\n\t\t\t\t\t\t<div class=\"elementor-element elementor-element-7f76323c elementor-widget elementor-widget-heading\" data-id=\"7f76323c\" data-element_type=\"widget\" data-e-type=\"widget\" data-widget_type=\"heading.default\">\n\t\t\t\t<div class=\"elementor-widget-container\">\n\t\t\t\t\t<h2 class=\"elementor-heading-title elementor-size-default\">Die Vorteile der THT Fertigung<\/h2>\t\t\t\t<\/div>\n\t\t\t\t<\/div>\n\t\t\t\t<div class=\"elementor-element elementor-element-34514292 elementor-icon-list--layout-traditional elementor-list-item-link-full_width elementor-widget elementor-widget-icon-list\" data-id=\"34514292\" data-element_type=\"widget\" data-e-type=\"widget\" data-widget_type=\"icon-list.default\">\n\t\t\t\t<div class=\"elementor-widget-container\">\n\t\t\t\t\t\t\t<ul class=\"elementor-icon-list-items\">\n\t\t\t\t\t\t\t<li class=\"elementor-icon-list-item\">\n\t\t\t\t\t\t\t\t\t\t\t<span class=\"elementor-icon-list-icon\">\n\t\t\t\t\t\t\t<i aria-hidden=\"true\" class=\"fas fa-check\"><\/i>\t\t\t\t\t\t<\/span>\n\t\t\t\t\t\t\t\t\t\t<span class=\"elementor-icon-list-text\">Manuelle L\u00f6tung durch hochqualifizierte Mitarbeiterinnen und Mitarbeiter<\/span>\n\t\t\t\t\t\t\t\t\t<\/li>\n\t\t\t\t\t\t\t\t<li class=\"elementor-icon-list-item\">\n\t\t\t\t\t\t\t\t\t\t\t<span class=\"elementor-icon-list-icon\">\n\t\t\t\t\t\t\t<i aria-hidden=\"true\" class=\"fas fa-check\"><\/i>\t\t\t\t\t\t<\/span>\n\t\t\t\t\t\t\t\t\t\t<span class=\"elementor-icon-list-text\">H\u00e4lt sogar hohen mechanischen Belastungen stand<\/span>\n\t\t\t\t\t\t\t\t\t<\/li>\n\t\t\t\t\t\t\t\t<li class=\"elementor-icon-list-item\">\n\t\t\t\t\t\t\t\t\t\t\t<span class=\"elementor-icon-list-icon\">\n\t\t\t\t\t\t\t<i aria-hidden=\"true\" class=\"fas fa-check\"><\/i>\t\t\t\t\t\t<\/span>\n\t\t\t\t\t\t\t\t\t\t<span class=\"elementor-icon-list-text\">Leiterplatten weisen eine hohe Stromf\u00e4higkeit auf<\/span>\n\t\t\t\t\t\t\t\t\t<\/li>\n\t\t\t\t\t\t\t\t<li class=\"elementor-icon-list-item\">\n\t\t\t\t\t\t\t\t\t\t\t<span class=\"elementor-icon-list-icon\">\n\t\t\t\t\t\t\t<i aria-hidden=\"true\" class=\"fas fa-check\"><\/i>\t\t\t\t\t\t<\/span>\n\t\t\t\t\t\t\t\t\t\t<span class=\"elementor-icon-list-text\">Bew\u00e4hrte Methode bei nicht automatisiert herstellbaren Leiterplatten<\/span>\n\t\t\t\t\t\t\t\t\t<\/li>\n\t\t\t\t\t\t<\/ul>\n\t\t\t\t\t\t<\/div>\n\t\t\t\t<\/div>\n\t\t\t\t\t<\/div>\n\t\t<\/div>\n\t\t\t\t\t<\/div>\n\t\t<\/section>\n\t\t\t\t<\/div>\n\t\t","protected":false},"excerpt":{"rendered":"<p>THT-Fertigung f\u00fcr bedrahtete Bauelemente Bei der Through-Hole-Technology \u2013 kurz THT \u2013 handelt es sich um eine besondere Art der Leiterplattenbest\u00fcckung. Sobald die Durchsteckmontage zur Anwendung kommt, haben die einzelnen Bauteile Drahtanschl\u00fcsse, die durch die vorhandenen Kontaktl\u00f6cher der Leiterplatte gesteckt werden. Im Anschluss erfolgt zudem eine spezielle Wellenl\u00f6tung, Selektivl\u00f6tung oder auch eine manuelle L\u00f6tung von Hand. [&hellip;]<\/p>\n","protected":false},"author":1,"featured_media":0,"parent":412,"menu_order":20,"comment_status":"closed","ping_status":"closed","template":"","meta":{"footnotes":""},"class_list":["post-416","page","type-page","status-publish","hentry"],"yoast_head":"<!-- This site is optimized with the Yoast SEO plugin v27.3 - https:\/\/yoast.com\/product\/yoast-seo-wordpress\/ -->\n<title>THT-Fertigung &#8211; TECTRON WORBIS<\/title>\n<meta name=\"robots\" content=\"index, follow, max-snippet:-1, max-image-preview:large, max-video-preview:-1\" \/>\n<link rel=\"canonical\" href=\"https:\/\/www.tectron-worbis.de\/de\/produktion\/tht-fertigung\/\" \/>\n<meta property=\"og:locale\" content=\"de_DE\" \/>\n<meta property=\"og:type\" content=\"article\" \/>\n<meta property=\"og:title\" content=\"THT-Fertigung &#8211; TECTRON WORBIS\" \/>\n<meta property=\"og:description\" content=\"THT-Fertigung f\u00fcr bedrahtete Bauelemente Bei der Through-Hole-Technology \u2013 kurz THT \u2013 handelt es sich um eine besondere Art der Leiterplattenbest\u00fcckung. Sobald die Durchsteckmontage zur Anwendung kommt, haben die einzelnen Bauteile Drahtanschl\u00fcsse, die durch die vorhandenen Kontaktl\u00f6cher der Leiterplatte gesteckt werden. Im Anschluss erfolgt zudem eine spezielle Wellenl\u00f6tung, Selektivl\u00f6tung oder auch eine manuelle L\u00f6tung von Hand. [&hellip;]\" \/>\n<meta property=\"og:url\" content=\"https:\/\/www.tectron-worbis.de\/de\/produktion\/tht-fertigung\/\" \/>\n<meta property=\"og:site_name\" content=\"TECTRON WORBIS\" \/>\n<meta property=\"article:modified_time\" content=\"2025-08-18T12:02:06+00:00\" \/>\n<meta property=\"og:image\" content=\"https:\/\/www.tectron-worbis.de\/wp-content\/uploads\/2021\/07\/TECTRON_JPG-156_web-1024x683.jpg\" \/>\n<meta name=\"twitter:card\" content=\"summary_large_image\" \/>\n<meta name=\"twitter:label1\" content=\"Gesch\u00e4tzte Lesezeit\" \/>\n\t<meta name=\"twitter:data1\" content=\"2\u00a0Minuten\" \/>\n<script type=\"application\/ld+json\" class=\"yoast-schema-graph\">{\"@context\":\"https:\\\/\\\/schema.org\",\"@graph\":[{\"@type\":\"WebPage\",\"@id\":\"https:\\\/\\\/www.tectron-worbis.de\\\/de\\\/produktion\\\/tht-fertigung\\\/\",\"url\":\"https:\\\/\\\/www.tectron-worbis.de\\\/de\\\/produktion\\\/tht-fertigung\\\/\",\"name\":\"THT-Fertigung &#8211; TECTRON WORBIS\",\"isPartOf\":{\"@id\":\"https:\\\/\\\/www.tectron-worbis.de\\\/de\\\/#website\"},\"primaryImageOfPage\":{\"@id\":\"https:\\\/\\\/www.tectron-worbis.de\\\/de\\\/produktion\\\/tht-fertigung\\\/#primaryimage\"},\"image\":{\"@id\":\"https:\\\/\\\/www.tectron-worbis.de\\\/de\\\/produktion\\\/tht-fertigung\\\/#primaryimage\"},\"thumbnailUrl\":\"https:\\\/\\\/www.tectron-worbis.de\\\/wp-content\\\/uploads\\\/2021\\\/07\\\/TECTRON_JPG-156_web-1024x683.jpg\",\"datePublished\":\"2018-03-06T16:07:53+00:00\",\"dateModified\":\"2025-08-18T12:02:06+00:00\",\"breadcrumb\":{\"@id\":\"https:\\\/\\\/www.tectron-worbis.de\\\/de\\\/produktion\\\/tht-fertigung\\\/#breadcrumb\"},\"inLanguage\":\"de\",\"potentialAction\":[{\"@type\":\"ReadAction\",\"target\":[\"https:\\\/\\\/www.tectron-worbis.de\\\/de\\\/produktion\\\/tht-fertigung\\\/\"]}]},{\"@type\":\"ImageObject\",\"inLanguage\":\"de\",\"@id\":\"https:\\\/\\\/www.tectron-worbis.de\\\/de\\\/produktion\\\/tht-fertigung\\\/#primaryimage\",\"url\":\"https:\\\/\\\/www.tectron-worbis.de\\\/wp-content\\\/uploads\\\/2021\\\/07\\\/TECTRON_JPG-156_web-1024x683.jpg\",\"contentUrl\":\"https:\\\/\\\/www.tectron-worbis.de\\\/wp-content\\\/uploads\\\/2021\\\/07\\\/TECTRON_JPG-156_web-1024x683.jpg\"},{\"@type\":\"BreadcrumbList\",\"@id\":\"https:\\\/\\\/www.tectron-worbis.de\\\/de\\\/produktion\\\/tht-fertigung\\\/#breadcrumb\",\"itemListElement\":[{\"@type\":\"ListItem\",\"position\":1,\"name\":\"Startseite\",\"item\":\"https:\\\/\\\/www.tectron-worbis.de\\\/de\\\/\"},{\"@type\":\"ListItem\",\"position\":2,\"name\":\"Produktion\",\"item\":\"https:\\\/\\\/www.tectron-worbis.de\\\/de\\\/produktion\\\/\"},{\"@type\":\"ListItem\",\"position\":3,\"name\":\"THT-Fertigung\"}]},{\"@type\":\"WebSite\",\"@id\":\"https:\\\/\\\/www.tectron-worbis.de\\\/de\\\/#website\",\"url\":\"https:\\\/\\\/www.tectron-worbis.de\\\/de\\\/\",\"name\":\"TECTRON WORBIS\",\"description\":\"Ihr EMS Dienstleister aus Th\u00fcringen\",\"publisher\":{\"@id\":\"https:\\\/\\\/www.tectron-worbis.de\\\/de\\\/#organization\"},\"potentialAction\":[{\"@type\":\"SearchAction\",\"target\":{\"@type\":\"EntryPoint\",\"urlTemplate\":\"https:\\\/\\\/www.tectron-worbis.de\\\/de\\\/?s={search_term_string}\"},\"query-input\":{\"@type\":\"PropertyValueSpecification\",\"valueRequired\":true,\"valueName\":\"search_term_string\"}}],\"inLanguage\":\"de\"},{\"@type\":\"Organization\",\"@id\":\"https:\\\/\\\/www.tectron-worbis.de\\\/de\\\/#organization\",\"name\":\"TECTRON WORBIS\",\"url\":\"https:\\\/\\\/www.tectron-worbis.de\\\/de\\\/\",\"logo\":{\"@type\":\"ImageObject\",\"inLanguage\":\"de\",\"@id\":\"https:\\\/\\\/www.tectron-worbis.de\\\/de\\\/#\\\/schema\\\/logo\\\/image\\\/\",\"url\":\"https:\\\/\\\/www.tectron-worbis.de\\\/wp-content\\\/uploads\\\/2021\\\/10\\\/LOGO-BLACK.png\",\"contentUrl\":\"https:\\\/\\\/www.tectron-worbis.de\\\/wp-content\\\/uploads\\\/2021\\\/10\\\/LOGO-BLACK.png\",\"width\":707,\"height\":187,\"caption\":\"TECTRON WORBIS\"},\"image\":{\"@id\":\"https:\\\/\\\/www.tectron-worbis.de\\\/de\\\/#\\\/schema\\\/logo\\\/image\\\/\"}}]}<\/script>\n<!-- \/ Yoast SEO plugin. -->","yoast_head_json":{"title":"THT-Fertigung &#8211; TECTRON WORBIS","robots":{"index":"index","follow":"follow","max-snippet":"max-snippet:-1","max-image-preview":"max-image-preview:large","max-video-preview":"max-video-preview:-1"},"canonical":"https:\/\/www.tectron-worbis.de\/de\/produktion\/tht-fertigung\/","og_locale":"de_DE","og_type":"article","og_title":"THT-Fertigung &#8211; TECTRON WORBIS","og_description":"THT-Fertigung f\u00fcr bedrahtete Bauelemente Bei der Through-Hole-Technology \u2013 kurz THT \u2013 handelt es sich um eine besondere Art der Leiterplattenbest\u00fcckung. Sobald die Durchsteckmontage zur Anwendung kommt, haben die einzelnen Bauteile Drahtanschl\u00fcsse, die durch die vorhandenen Kontaktl\u00f6cher der Leiterplatte gesteckt werden. Im Anschluss erfolgt zudem eine spezielle Wellenl\u00f6tung, Selektivl\u00f6tung oder auch eine manuelle L\u00f6tung von Hand. [&hellip;]","og_url":"https:\/\/www.tectron-worbis.de\/de\/produktion\/tht-fertigung\/","og_site_name":"TECTRON WORBIS","article_modified_time":"2025-08-18T12:02:06+00:00","og_image":[{"url":"https:\/\/www.tectron-worbis.de\/wp-content\/uploads\/2021\/07\/TECTRON_JPG-156_web-1024x683.jpg","type":"","width":"","height":""}],"twitter_card":"summary_large_image","twitter_misc":{"Gesch\u00e4tzte Lesezeit":"2\u00a0Minuten"},"schema":{"@context":"https:\/\/schema.org","@graph":[{"@type":"WebPage","@id":"https:\/\/www.tectron-worbis.de\/de\/produktion\/tht-fertigung\/","url":"https:\/\/www.tectron-worbis.de\/de\/produktion\/tht-fertigung\/","name":"THT-Fertigung &#8211; TECTRON WORBIS","isPartOf":{"@id":"https:\/\/www.tectron-worbis.de\/de\/#website"},"primaryImageOfPage":{"@id":"https:\/\/www.tectron-worbis.de\/de\/produktion\/tht-fertigung\/#primaryimage"},"image":{"@id":"https:\/\/www.tectron-worbis.de\/de\/produktion\/tht-fertigung\/#primaryimage"},"thumbnailUrl":"https:\/\/www.tectron-worbis.de\/wp-content\/uploads\/2021\/07\/TECTRON_JPG-156_web-1024x683.jpg","datePublished":"2018-03-06T16:07:53+00:00","dateModified":"2025-08-18T12:02:06+00:00","breadcrumb":{"@id":"https:\/\/www.tectron-worbis.de\/de\/produktion\/tht-fertigung\/#breadcrumb"},"inLanguage":"de","potentialAction":[{"@type":"ReadAction","target":["https:\/\/www.tectron-worbis.de\/de\/produktion\/tht-fertigung\/"]}]},{"@type":"ImageObject","inLanguage":"de","@id":"https:\/\/www.tectron-worbis.de\/de\/produktion\/tht-fertigung\/#primaryimage","url":"https:\/\/www.tectron-worbis.de\/wp-content\/uploads\/2021\/07\/TECTRON_JPG-156_web-1024x683.jpg","contentUrl":"https:\/\/www.tectron-worbis.de\/wp-content\/uploads\/2021\/07\/TECTRON_JPG-156_web-1024x683.jpg"},{"@type":"BreadcrumbList","@id":"https:\/\/www.tectron-worbis.de\/de\/produktion\/tht-fertigung\/#breadcrumb","itemListElement":[{"@type":"ListItem","position":1,"name":"Startseite","item":"https:\/\/www.tectron-worbis.de\/de\/"},{"@type":"ListItem","position":2,"name":"Produktion","item":"https:\/\/www.tectron-worbis.de\/de\/produktion\/"},{"@type":"ListItem","position":3,"name":"THT-Fertigung"}]},{"@type":"WebSite","@id":"https:\/\/www.tectron-worbis.de\/de\/#website","url":"https:\/\/www.tectron-worbis.de\/de\/","name":"TECTRON WORBIS","description":"Ihr EMS Dienstleister aus Th\u00fcringen","publisher":{"@id":"https:\/\/www.tectron-worbis.de\/de\/#organization"},"potentialAction":[{"@type":"SearchAction","target":{"@type":"EntryPoint","urlTemplate":"https:\/\/www.tectron-worbis.de\/de\/?s={search_term_string}"},"query-input":{"@type":"PropertyValueSpecification","valueRequired":true,"valueName":"search_term_string"}}],"inLanguage":"de"},{"@type":"Organization","@id":"https:\/\/www.tectron-worbis.de\/de\/#organization","name":"TECTRON WORBIS","url":"https:\/\/www.tectron-worbis.de\/de\/","logo":{"@type":"ImageObject","inLanguage":"de","@id":"https:\/\/www.tectron-worbis.de\/de\/#\/schema\/logo\/image\/","url":"https:\/\/www.tectron-worbis.de\/wp-content\/uploads\/2021\/10\/LOGO-BLACK.png","contentUrl":"https:\/\/www.tectron-worbis.de\/wp-content\/uploads\/2021\/10\/LOGO-BLACK.png","width":707,"height":187,"caption":"TECTRON WORBIS"},"image":{"@id":"https:\/\/www.tectron-worbis.de\/de\/#\/schema\/logo\/image\/"}}]}},"_links":{"self":[{"href":"https:\/\/www.tectron-worbis.de\/de\/wp-json\/wp\/v2\/pages\/416","targetHints":{"allow":["GET"]}}],"collection":[{"href":"https:\/\/www.tectron-worbis.de\/de\/wp-json\/wp\/v2\/pages"}],"about":[{"href":"https:\/\/www.tectron-worbis.de\/de\/wp-json\/wp\/v2\/types\/page"}],"author":[{"embeddable":true,"href":"https:\/\/www.tectron-worbis.de\/de\/wp-json\/wp\/v2\/users\/1"}],"replies":[{"embeddable":true,"href":"https:\/\/www.tectron-worbis.de\/de\/wp-json\/wp\/v2\/comments?post=416"}],"version-history":[{"count":15,"href":"https:\/\/www.tectron-worbis.de\/de\/wp-json\/wp\/v2\/pages\/416\/revisions"}],"predecessor-version":[{"id":3718,"href":"https:\/\/www.tectron-worbis.de\/de\/wp-json\/wp\/v2\/pages\/416\/revisions\/3718"}],"up":[{"embeddable":true,"href":"https:\/\/www.tectron-worbis.de\/de\/wp-json\/wp\/v2\/pages\/412"}],"wp:attachment":[{"href":"https:\/\/www.tectron-worbis.de\/de\/wp-json\/wp\/v2\/media?parent=416"}],"curies":[{"name":"wp","href":"https:\/\/api.w.org\/{rel}","templated":true}]}}