{"id":424,"date":"2018-03-06T17:08:45","date_gmt":"2018-03-06T16:08:45","guid":{"rendered":"https:\/\/tectron-worbis.de.46-4-53-222.vorschau.marketing-thom.de\/?page_id=424"},"modified":"2023-01-09T10:56:48","modified_gmt":"2023-01-09T09:56:48","slug":"montage","status":"publish","type":"page","link":"https:\/\/www.tectron-worbis.de\/de\/produktion\/montage\/","title":{"rendered":"Montage"},"content":{"rendered":"\t\t<div data-elementor-type=\"wp-page\" data-elementor-id=\"424\" class=\"elementor elementor-424\" data-elementor-post-type=\"page\">\n\t\t\t\t\t\t<section class=\"elementor-section elementor-top-section elementor-element elementor-element-3e7e0c05 elementor-section-boxed elementor-section-height-default elementor-section-height-default\" data-id=\"3e7e0c05\" data-element_type=\"section\" data-e-type=\"section\" data-settings=\"{&quot;jet_parallax_layout_list&quot;:[{&quot;jet_parallax_layout_image&quot;:{&quot;url&quot;:&quot;&quot;,&quot;id&quot;:&quot;&quot;,&quot;size&quot;:&quot;&quot;},&quot;_id&quot;:&quot;196d18a&quot;,&quot;jet_parallax_layout_image_tablet&quot;:{&quot;url&quot;:&quot;&quot;,&quot;id&quot;:&quot;&quot;,&quot;size&quot;:&quot;&quot;},&quot;jet_parallax_layout_image_mobile&quot;:{&quot;url&quot;:&quot;&quot;,&quot;id&quot;:&quot;&quot;,&quot;size&quot;:&quot;&quot;},&quot;jet_parallax_layout_speed&quot;:{&quot;unit&quot;:&quot;%&quot;,&quot;size&quot;:50,&quot;sizes&quot;:[]},&quot;jet_parallax_layout_type&quot;:&quot;scroll&quot;,&quot;jet_parallax_layout_direction&quot;:null,&quot;jet_parallax_layout_fx_direction&quot;:null,&quot;jet_parallax_layout_z_index&quot;:&quot;&quot;,&quot;jet_parallax_layout_bg_x&quot;:50,&quot;jet_parallax_layout_bg_x_tablet&quot;:&quot;&quot;,&quot;jet_parallax_layout_bg_x_mobile&quot;:&quot;&quot;,&quot;jet_parallax_layout_bg_y&quot;:50,&quot;jet_parallax_layout_bg_y_tablet&quot;:&quot;&quot;,&quot;jet_parallax_layout_bg_y_mobile&quot;:&quot;&quot;,&quot;jet_parallax_layout_bg_size&quot;:&quot;auto&quot;,&quot;jet_parallax_layout_bg_size_tablet&quot;:&quot;&quot;,&quot;jet_parallax_layout_bg_size_mobile&quot;:&quot;&quot;,&quot;jet_parallax_layout_animation_prop&quot;:&quot;transform&quot;,&quot;jet_parallax_layout_on&quot;:[&quot;desktop&quot;,&quot;tablet&quot;]}]}\">\n\t\t\t\t\t\t<div class=\"elementor-container elementor-column-gap-default\">\n\t\t\t\t\t<div class=\"elementor-column elementor-col-33 elementor-top-column elementor-element elementor-element-371dc5e5\" data-id=\"371dc5e5\" data-element_type=\"column\" data-e-type=\"column\">\n\t\t\t<div class=\"elementor-widget-wrap elementor-element-populated\">\n\t\t\t\t\t\t<div class=\"elementor-element elementor-element-6544a28f elementor-widget elementor-widget-heading\" data-id=\"6544a28f\" data-element_type=\"widget\" data-e-type=\"widget\" data-widget_type=\"heading.default\">\n\t\t\t\t<div class=\"elementor-widget-container\">\n\t\t\t\t\t<h2 class=\"elementor-heading-title elementor-size-default\">Leiterplatten fachgerecht montieren<\/h2>\t\t\t\t<\/div>\n\t\t\t\t<\/div>\n\t\t\t\t<div class=\"elementor-element elementor-element-3def81ac elementor-widget elementor-widget-text-editor\" data-id=\"3def81ac\" data-element_type=\"widget\" data-e-type=\"widget\" data-widget_type=\"text-editor.default\">\n\t\t\t\t<div class=\"elementor-widget-container\">\n\t\t\t\t\t\t\t\t\t<p>Als Fullservice-Dienstleister im Bereich des Electronic Manufacturing Systems geh\u00f6rt nicht nur die Entwicklung sowie Herstellung von elektronischen Baugruppen zu unseren Aufgaben, sondern auch deren fachgerechte Montage. Als Unternehmen mit langj\u00e4hriger Erfahrung und fundiertem Know-how sind wir in der Lage, allen Anforderungen unserer Kunden gerecht zu werden. Dazu geh\u00f6ren auch die unterschiedlichsten Montaget\u00e4tigkeiten, die zur Komplettierung beziehungsweise zum Aufbau eines Produktes vonn\u00f6ten sind. Zudem k\u00f6nnen wir im Anschluss daran gerne einen sogenannten End-Of-Line-Test durchf\u00fchren, bei dem alle Funktionen noch einmal genauestens analysiert und gepr\u00fcft werden.<\/p>\t\t\t\t\t\t\t\t<\/div>\n\t\t\t\t<\/div>\n\t\t\t\t\t<\/div>\n\t\t<\/div>\n\t\t\t\t<div class=\"elementor-column elementor-col-66 elementor-top-column elementor-element elementor-element-246c6218\" data-id=\"246c6218\" data-element_type=\"column\" data-e-type=\"column\">\n\t\t\t<div class=\"elementor-widget-wrap elementor-element-populated\">\n\t\t\t\t\t\t<div class=\"elementor-element elementor-element-272dd582 elementor-widget elementor-widget-image\" data-id=\"272dd582\" data-element_type=\"widget\" data-e-type=\"widget\" data-widget_type=\"image.default\">\n\t\t\t\t<div class=\"elementor-widget-container\">\n\t\t\t\t\t\t\t\t\t\t\t\t\t\t\t<img fetchpriority=\"high\" decoding=\"async\" width=\"1024\" height=\"683\" src=\"https:\/\/www.tectron-worbis.de\/wp-content\/uploads\/2021\/07\/TECTRON_JPG-371web-1024x683.jpg\" class=\"attachment-large size-large wp-image-2199\" alt=\"\" srcset=\"https:\/\/www.tectron-worbis.de\/wp-content\/uploads\/2021\/07\/TECTRON_JPG-371web-1024x683.jpg 1024w, https:\/\/www.tectron-worbis.de\/wp-content\/uploads\/2021\/07\/TECTRON_JPG-371web-300x200.jpg 300w, https:\/\/www.tectron-worbis.de\/wp-content\/uploads\/2021\/07\/TECTRON_JPG-371web-768x512.jpg 768w, https:\/\/www.tectron-worbis.de\/wp-content\/uploads\/2021\/07\/TECTRON_JPG-371web-1536x1024.jpg 1536w, https:\/\/www.tectron-worbis.de\/wp-content\/uploads\/2021\/07\/TECTRON_JPG-371web-600x400.jpg 600w, https:\/\/www.tectron-worbis.de\/wp-content\/uploads\/2021\/07\/TECTRON_JPG-371web.jpg 1900w\" sizes=\"(max-width: 1024px) 100vw, 1024px\" \/>\t\t\t\t\t\t\t\t\t\t\t\t\t\t\t<\/div>\n\t\t\t\t<\/div>\n\t\t\t\t\t<\/div>\n\t\t<\/div>\n\t\t\t\t\t<\/div>\n\t\t<\/section>\n\t\t\t\t<section class=\"elementor-section elementor-top-section elementor-element elementor-element-77954cdc elementor-section-boxed elementor-section-height-default elementor-section-height-default\" data-id=\"77954cdc\" data-element_type=\"section\" data-e-type=\"section\" data-settings=\"{&quot;jet_parallax_layout_list&quot;:[{&quot;jet_parallax_layout_image&quot;:{&quot;url&quot;:&quot;&quot;,&quot;id&quot;:&quot;&quot;,&quot;size&quot;:&quot;&quot;},&quot;_id&quot;:&quot;7e9a472&quot;,&quot;jet_parallax_layout_image_tablet&quot;:{&quot;url&quot;:&quot;&quot;,&quot;id&quot;:&quot;&quot;,&quot;size&quot;:&quot;&quot;},&quot;jet_parallax_layout_image_mobile&quot;:{&quot;url&quot;:&quot;&quot;,&quot;id&quot;:&quot;&quot;,&quot;size&quot;:&quot;&quot;},&quot;jet_parallax_layout_speed&quot;:{&quot;unit&quot;:&quot;%&quot;,&quot;size&quot;:50,&quot;sizes&quot;:[]},&quot;jet_parallax_layout_type&quot;:&quot;scroll&quot;,&quot;jet_parallax_layout_direction&quot;:null,&quot;jet_parallax_layout_fx_direction&quot;:null,&quot;jet_parallax_layout_z_index&quot;:&quot;&quot;,&quot;jet_parallax_layout_bg_x&quot;:50,&quot;jet_parallax_layout_bg_x_tablet&quot;:&quot;&quot;,&quot;jet_parallax_layout_bg_x_mobile&quot;:&quot;&quot;,&quot;jet_parallax_layout_bg_y&quot;:50,&quot;jet_parallax_layout_bg_y_tablet&quot;:&quot;&quot;,&quot;jet_parallax_layout_bg_y_mobile&quot;:&quot;&quot;,&quot;jet_parallax_layout_bg_size&quot;:&quot;auto&quot;,&quot;jet_parallax_layout_bg_size_tablet&quot;:&quot;&quot;,&quot;jet_parallax_layout_bg_size_mobile&quot;:&quot;&quot;,&quot;jet_parallax_layout_animation_prop&quot;:&quot;transform&quot;,&quot;jet_parallax_layout_on&quot;:[&quot;desktop&quot;,&quot;tablet&quot;]}]}\">\n\t\t\t\t\t\t<div class=\"elementor-container elementor-column-gap-default\">\n\t\t\t\t\t<div class=\"elementor-column elementor-col-100 elementor-top-column elementor-element elementor-element-4fd481e1\" data-id=\"4fd481e1\" data-element_type=\"column\" data-e-type=\"column\">\n\t\t\t<div class=\"elementor-widget-wrap elementor-element-populated\">\n\t\t\t\t\t\t<div class=\"elementor-element elementor-element-193ba01f elementor-widget elementor-widget-heading\" data-id=\"193ba01f\" data-element_type=\"widget\" data-e-type=\"widget\" data-widget_type=\"heading.default\">\n\t\t\t\t<div class=\"elementor-widget-container\">\n\t\t\t\t\t<h2 class=\"elementor-heading-title elementor-size-default\">Das TECTRON WORBIS Versprechen<\/h2>\t\t\t\t<\/div>\n\t\t\t\t<\/div>\n\t\t\t\t<div class=\"elementor-element elementor-element-2a65255f elementor-icon-list--layout-traditional elementor-list-item-link-full_width elementor-widget elementor-widget-icon-list\" data-id=\"2a65255f\" data-element_type=\"widget\" data-e-type=\"widget\" data-widget_type=\"icon-list.default\">\n\t\t\t\t<div class=\"elementor-widget-container\">\n\t\t\t\t\t\t\t<ul class=\"elementor-icon-list-items\">\n\t\t\t\t\t\t\t<li class=\"elementor-icon-list-item\">\n\t\t\t\t\t\t\t\t\t\t\t<span class=\"elementor-icon-list-icon\">\n\t\t\t\t\t\t\t<i aria-hidden=\"true\" class=\"fas fa-check\"><\/i>\t\t\t\t\t\t<\/span>\n\t\t\t\t\t\t\t\t\t\t<span class=\"elementor-icon-list-text\">Schnelle und effiziente Umsetzung Ihres Projektes<\/span>\n\t\t\t\t\t\t\t\t\t<\/li>\n\t\t\t\t\t\t\t\t<li class=\"elementor-icon-list-item\">\n\t\t\t\t\t\t\t\t\t\t\t<span class=\"elementor-icon-list-icon\">\n\t\t\t\t\t\t\t<i aria-hidden=\"true\" class=\"fas fa-check\"><\/i>\t\t\t\t\t\t<\/span>\n\t\t\t\t\t\t\t\t\t\t<span class=\"elementor-icon-list-text\">Gesamtheitliche Umsetzung durch hoch qualifizierte Mitarbeiter:innen<\/span>\n\t\t\t\t\t\t\t\t\t<\/li>\n\t\t\t\t\t\t\t\t<li class=\"elementor-icon-list-item\">\n\t\t\t\t\t\t\t\t\t\t\t<span class=\"elementor-icon-list-icon\">\n\t\t\t\t\t\t\t<i aria-hidden=\"true\" class=\"fas fa-check\"><\/i>\t\t\t\t\t\t<\/span>\n\t\t\t\t\t\t\t\t\t\t<span class=\"elementor-icon-list-text\">Fr\u00fchzeitige Fertigung zu Serienbedingungen<\/span>\n\t\t\t\t\t\t\t\t\t<\/li>\n\t\t\t\t\t\t\t\t<li class=\"elementor-icon-list-item\">\n\t\t\t\t\t\t\t\t\t\t\t<span class=\"elementor-icon-list-icon\">\n\t\t\t\t\t\t\t<i aria-hidden=\"true\" class=\"fas fa-check\"><\/i>\t\t\t\t\t\t<\/span>\n\t\t\t\t\t\t\t\t\t\t<span class=\"elementor-icon-list-text\">Kundenspezifische L\u00f6sungsans\u00e4tze zur passgenauen Fertigung<\/span>\n\t\t\t\t\t\t\t\t\t<\/li>\n\t\t\t\t\t\t\t\t<li class=\"elementor-icon-list-item\">\n\t\t\t\t\t\t\t\t\t\t\t<span class=\"elementor-icon-list-icon\">\n\t\t\t\t\t\t\t<i aria-hidden=\"true\" class=\"fas fa-check\"><\/i>\t\t\t\t\t\t<\/span>\n\t\t\t\t\t\t\t\t\t\t<span class=\"elementor-icon-list-text\">H\u00f6chste Qualit\u00e4tsanforderungen bei allen Arbeitsschritten<\/span>\n\t\t\t\t\t\t\t\t\t<\/li>\n\t\t\t\t\t\t\t\t<li class=\"elementor-icon-list-item\">\n\t\t\t\t\t\t\t\t\t\t\t<span class=\"elementor-icon-list-icon\">\n\t\t\t\t\t\t\t<i aria-hidden=\"true\" class=\"fas fa-check\"><\/i>\t\t\t\t\t\t<\/span>\n\t\t\t\t\t\t\t\t\t\t<span class=\"elementor-icon-list-text\">Innovative Entwurfsmethodik zur fr\u00fchzeitigen Problemerkennung<\/span>\n\t\t\t\t\t\t\t\t\t<\/li>\n\t\t\t\t\t\t<\/ul>\n\t\t\t\t\t\t<\/div>\n\t\t\t\t<\/div>\n\t\t\t\t\t<\/div>\n\t\t<\/div>\n\t\t\t\t\t<\/div>\n\t\t<\/section>\n\t\t\t\t<\/div>\n\t\t","protected":false},"excerpt":{"rendered":"<p>Leiterplatten fachgerecht montieren Als Fullservice-Dienstleister im Bereich des Electronic Manufacturing Systems geh\u00f6rt nicht nur die Entwicklung sowie Herstellung von elektronischen Baugruppen zu unseren Aufgaben, sondern auch deren fachgerechte Montage. Als Unternehmen mit langj\u00e4hriger Erfahrung und fundiertem Know-how sind wir in der Lage, allen Anforderungen unserer Kunden gerecht zu werden. Dazu geh\u00f6ren auch die unterschiedlichsten Montaget\u00e4tigkeiten, [&hellip;]<\/p>\n","protected":false},"author":1,"featured_media":0,"parent":412,"menu_order":60,"comment_status":"closed","ping_status":"closed","template":"","meta":{"footnotes":""},"class_list":["post-424","page","type-page","status-publish","hentry"],"yoast_head":"<!-- This site is optimized with the Yoast SEO plugin v27.5 - https:\/\/yoast.com\/product\/yoast-seo-wordpress\/ -->\n<title>Montage &#8211; TECTRON WORBIS<\/title>\n<meta name=\"robots\" content=\"index, follow, max-snippet:-1, max-image-preview:large, max-video-preview:-1\" \/>\n<link rel=\"canonical\" href=\"https:\/\/www.tectron-worbis.de\/de\/produktion\/montage\/\" \/>\n<meta property=\"og:locale\" content=\"de_DE\" \/>\n<meta property=\"og:type\" content=\"article\" \/>\n<meta property=\"og:title\" content=\"Montage &#8211; TECTRON WORBIS\" \/>\n<meta property=\"og:description\" content=\"Leiterplatten fachgerecht montieren Als Fullservice-Dienstleister im Bereich des Electronic Manufacturing Systems geh\u00f6rt nicht nur die Entwicklung sowie Herstellung von elektronischen Baugruppen zu unseren Aufgaben, sondern auch deren fachgerechte Montage. Als Unternehmen mit langj\u00e4hriger Erfahrung und fundiertem Know-how sind wir in der Lage, allen Anforderungen unserer Kunden gerecht zu werden. Dazu geh\u00f6ren auch die unterschiedlichsten Montaget\u00e4tigkeiten, [&hellip;]\" \/>\n<meta property=\"og:url\" content=\"https:\/\/www.tectron-worbis.de\/de\/produktion\/montage\/\" \/>\n<meta property=\"og:site_name\" content=\"TECTRON WORBIS\" \/>\n<meta property=\"article:modified_time\" content=\"2023-01-09T09:56:48+00:00\" \/>\n<meta property=\"og:image\" content=\"https:\/\/www.tectron-worbis.de\/wp-content\/uploads\/2021\/07\/TECTRON_JPG-371web-1024x683.jpg\" \/>\n<meta name=\"twitter:card\" content=\"summary_large_image\" \/>\n<meta name=\"twitter:label1\" content=\"Gesch\u00e4tzte Lesezeit\" \/>\n\t<meta name=\"twitter:data1\" content=\"1\u00a0Minute\" \/>\n<script type=\"application\/ld+json\" class=\"yoast-schema-graph\">{\"@context\":\"https:\\\/\\\/schema.org\",\"@graph\":[{\"@type\":\"WebPage\",\"@id\":\"https:\\\/\\\/www.tectron-worbis.de\\\/de\\\/produktion\\\/montage\\\/\",\"url\":\"https:\\\/\\\/www.tectron-worbis.de\\\/de\\\/produktion\\\/montage\\\/\",\"name\":\"Montage &#8211; TECTRON WORBIS\",\"isPartOf\":{\"@id\":\"https:\\\/\\\/www.tectron-worbis.de\\\/de\\\/#website\"},\"primaryImageOfPage\":{\"@id\":\"https:\\\/\\\/www.tectron-worbis.de\\\/de\\\/produktion\\\/montage\\\/#primaryimage\"},\"image\":{\"@id\":\"https:\\\/\\\/www.tectron-worbis.de\\\/de\\\/produktion\\\/montage\\\/#primaryimage\"},\"thumbnailUrl\":\"https:\\\/\\\/www.tectron-worbis.de\\\/wp-content\\\/uploads\\\/2021\\\/07\\\/TECTRON_JPG-371web-1024x683.jpg\",\"datePublished\":\"2018-03-06T16:08:45+00:00\",\"dateModified\":\"2023-01-09T09:56:48+00:00\",\"breadcrumb\":{\"@id\":\"https:\\\/\\\/www.tectron-worbis.de\\\/de\\\/produktion\\\/montage\\\/#breadcrumb\"},\"inLanguage\":\"de\",\"potentialAction\":[{\"@type\":\"ReadAction\",\"target\":[\"https:\\\/\\\/www.tectron-worbis.de\\\/de\\\/produktion\\\/montage\\\/\"]}]},{\"@type\":\"ImageObject\",\"inLanguage\":\"de\",\"@id\":\"https:\\\/\\\/www.tectron-worbis.de\\\/de\\\/produktion\\\/montage\\\/#primaryimage\",\"url\":\"https:\\\/\\\/www.tectron-worbis.de\\\/wp-content\\\/uploads\\\/2021\\\/07\\\/TECTRON_JPG-371web-1024x683.jpg\",\"contentUrl\":\"https:\\\/\\\/www.tectron-worbis.de\\\/wp-content\\\/uploads\\\/2021\\\/07\\\/TECTRON_JPG-371web-1024x683.jpg\"},{\"@type\":\"BreadcrumbList\",\"@id\":\"https:\\\/\\\/www.tectron-worbis.de\\\/de\\\/produktion\\\/montage\\\/#breadcrumb\",\"itemListElement\":[{\"@type\":\"ListItem\",\"position\":1,\"name\":\"Startseite\",\"item\":\"https:\\\/\\\/www.tectron-worbis.de\\\/de\\\/\"},{\"@type\":\"ListItem\",\"position\":2,\"name\":\"Produktion\",\"item\":\"https:\\\/\\\/www.tectron-worbis.de\\\/de\\\/produktion\\\/\"},{\"@type\":\"ListItem\",\"position\":3,\"name\":\"Montage\"}]},{\"@type\":\"WebSite\",\"@id\":\"https:\\\/\\\/www.tectron-worbis.de\\\/de\\\/#website\",\"url\":\"https:\\\/\\\/www.tectron-worbis.de\\\/de\\\/\",\"name\":\"TECTRON WORBIS\",\"description\":\"Ihr EMS Dienstleister aus Th\u00fcringen\",\"publisher\":{\"@id\":\"https:\\\/\\\/www.tectron-worbis.de\\\/de\\\/#organization\"},\"potentialAction\":[{\"@type\":\"SearchAction\",\"target\":{\"@type\":\"EntryPoint\",\"urlTemplate\":\"https:\\\/\\\/www.tectron-worbis.de\\\/de\\\/?s={search_term_string}\"},\"query-input\":{\"@type\":\"PropertyValueSpecification\",\"valueRequired\":true,\"valueName\":\"search_term_string\"}}],\"inLanguage\":\"de\"},{\"@type\":\"Organization\",\"@id\":\"https:\\\/\\\/www.tectron-worbis.de\\\/de\\\/#organization\",\"name\":\"TECTRON WORBIS\",\"url\":\"https:\\\/\\\/www.tectron-worbis.de\\\/de\\\/\",\"logo\":{\"@type\":\"ImageObject\",\"inLanguage\":\"de\",\"@id\":\"https:\\\/\\\/www.tectron-worbis.de\\\/de\\\/#\\\/schema\\\/logo\\\/image\\\/\",\"url\":\"https:\\\/\\\/www.tectron-worbis.de\\\/wp-content\\\/uploads\\\/2021\\\/10\\\/LOGO-BLACK.png\",\"contentUrl\":\"https:\\\/\\\/www.tectron-worbis.de\\\/wp-content\\\/uploads\\\/2021\\\/10\\\/LOGO-BLACK.png\",\"width\":707,\"height\":187,\"caption\":\"TECTRON WORBIS\"},\"image\":{\"@id\":\"https:\\\/\\\/www.tectron-worbis.de\\\/de\\\/#\\\/schema\\\/logo\\\/image\\\/\"}}]}<\/script>\n<!-- \/ Yoast SEO plugin. -->","yoast_head_json":{"title":"Montage &#8211; TECTRON WORBIS","robots":{"index":"index","follow":"follow","max-snippet":"max-snippet:-1","max-image-preview":"max-image-preview:large","max-video-preview":"max-video-preview:-1"},"canonical":"https:\/\/www.tectron-worbis.de\/de\/produktion\/montage\/","og_locale":"de_DE","og_type":"article","og_title":"Montage &#8211; TECTRON WORBIS","og_description":"Leiterplatten fachgerecht montieren Als Fullservice-Dienstleister im Bereich des Electronic Manufacturing Systems geh\u00f6rt nicht nur die Entwicklung sowie Herstellung von elektronischen Baugruppen zu unseren Aufgaben, sondern auch deren fachgerechte Montage. Als Unternehmen mit langj\u00e4hriger Erfahrung und fundiertem Know-how sind wir in der Lage, allen Anforderungen unserer Kunden gerecht zu werden. Dazu geh\u00f6ren auch die unterschiedlichsten Montaget\u00e4tigkeiten, [&hellip;]","og_url":"https:\/\/www.tectron-worbis.de\/de\/produktion\/montage\/","og_site_name":"TECTRON WORBIS","article_modified_time":"2023-01-09T09:56:48+00:00","og_image":[{"url":"https:\/\/www.tectron-worbis.de\/wp-content\/uploads\/2021\/07\/TECTRON_JPG-371web-1024x683.jpg","type":"","width":"","height":""}],"twitter_card":"summary_large_image","twitter_misc":{"Gesch\u00e4tzte Lesezeit":"1\u00a0Minute"},"schema":{"@context":"https:\/\/schema.org","@graph":[{"@type":"WebPage","@id":"https:\/\/www.tectron-worbis.de\/de\/produktion\/montage\/","url":"https:\/\/www.tectron-worbis.de\/de\/produktion\/montage\/","name":"Montage &#8211; TECTRON WORBIS","isPartOf":{"@id":"https:\/\/www.tectron-worbis.de\/de\/#website"},"primaryImageOfPage":{"@id":"https:\/\/www.tectron-worbis.de\/de\/produktion\/montage\/#primaryimage"},"image":{"@id":"https:\/\/www.tectron-worbis.de\/de\/produktion\/montage\/#primaryimage"},"thumbnailUrl":"https:\/\/www.tectron-worbis.de\/wp-content\/uploads\/2021\/07\/TECTRON_JPG-371web-1024x683.jpg","datePublished":"2018-03-06T16:08:45+00:00","dateModified":"2023-01-09T09:56:48+00:00","breadcrumb":{"@id":"https:\/\/www.tectron-worbis.de\/de\/produktion\/montage\/#breadcrumb"},"inLanguage":"de","potentialAction":[{"@type":"ReadAction","target":["https:\/\/www.tectron-worbis.de\/de\/produktion\/montage\/"]}]},{"@type":"ImageObject","inLanguage":"de","@id":"https:\/\/www.tectron-worbis.de\/de\/produktion\/montage\/#primaryimage","url":"https:\/\/www.tectron-worbis.de\/wp-content\/uploads\/2021\/07\/TECTRON_JPG-371web-1024x683.jpg","contentUrl":"https:\/\/www.tectron-worbis.de\/wp-content\/uploads\/2021\/07\/TECTRON_JPG-371web-1024x683.jpg"},{"@type":"BreadcrumbList","@id":"https:\/\/www.tectron-worbis.de\/de\/produktion\/montage\/#breadcrumb","itemListElement":[{"@type":"ListItem","position":1,"name":"Startseite","item":"https:\/\/www.tectron-worbis.de\/de\/"},{"@type":"ListItem","position":2,"name":"Produktion","item":"https:\/\/www.tectron-worbis.de\/de\/produktion\/"},{"@type":"ListItem","position":3,"name":"Montage"}]},{"@type":"WebSite","@id":"https:\/\/www.tectron-worbis.de\/de\/#website","url":"https:\/\/www.tectron-worbis.de\/de\/","name":"TECTRON WORBIS","description":"Ihr EMS Dienstleister aus Th\u00fcringen","publisher":{"@id":"https:\/\/www.tectron-worbis.de\/de\/#organization"},"potentialAction":[{"@type":"SearchAction","target":{"@type":"EntryPoint","urlTemplate":"https:\/\/www.tectron-worbis.de\/de\/?s={search_term_string}"},"query-input":{"@type":"PropertyValueSpecification","valueRequired":true,"valueName":"search_term_string"}}],"inLanguage":"de"},{"@type":"Organization","@id":"https:\/\/www.tectron-worbis.de\/de\/#organization","name":"TECTRON WORBIS","url":"https:\/\/www.tectron-worbis.de\/de\/","logo":{"@type":"ImageObject","inLanguage":"de","@id":"https:\/\/www.tectron-worbis.de\/de\/#\/schema\/logo\/image\/","url":"https:\/\/www.tectron-worbis.de\/wp-content\/uploads\/2021\/10\/LOGO-BLACK.png","contentUrl":"https:\/\/www.tectron-worbis.de\/wp-content\/uploads\/2021\/10\/LOGO-BLACK.png","width":707,"height":187,"caption":"TECTRON WORBIS"},"image":{"@id":"https:\/\/www.tectron-worbis.de\/de\/#\/schema\/logo\/image\/"}}]}},"_links":{"self":[{"href":"https:\/\/www.tectron-worbis.de\/de\/wp-json\/wp\/v2\/pages\/424","targetHints":{"allow":["GET"]}}],"collection":[{"href":"https:\/\/www.tectron-worbis.de\/de\/wp-json\/wp\/v2\/pages"}],"about":[{"href":"https:\/\/www.tectron-worbis.de\/de\/wp-json\/wp\/v2\/types\/page"}],"author":[{"embeddable":true,"href":"https:\/\/www.tectron-worbis.de\/de\/wp-json\/wp\/v2\/users\/1"}],"replies":[{"embeddable":true,"href":"https:\/\/www.tectron-worbis.de\/de\/wp-json\/wp\/v2\/comments?post=424"}],"version-history":[{"count":12,"href":"https:\/\/www.tectron-worbis.de\/de\/wp-json\/wp\/v2\/pages\/424\/revisions"}],"predecessor-version":[{"id":3267,"href":"https:\/\/www.tectron-worbis.de\/de\/wp-json\/wp\/v2\/pages\/424\/revisions\/3267"}],"up":[{"embeddable":true,"href":"https:\/\/www.tectron-worbis.de\/de\/wp-json\/wp\/v2\/pages\/412"}],"wp:attachment":[{"href":"https:\/\/www.tectron-worbis.de\/de\/wp-json\/wp\/v2\/media?parent=424"}],"curies":[{"name":"wp","href":"https:\/\/api.w.org\/{rel}","templated":true}]}}