{"id":428,"date":"2018-03-06T17:09:20","date_gmt":"2018-03-06T16:09:20","guid":{"rendered":"https:\/\/tectron-worbis.de.46-4-53-222.vorschau.marketing-thom.de\/?page_id=428"},"modified":"2025-08-18T14:34:21","modified_gmt":"2025-08-18T12:34:21","slug":"traceability","status":"publish","type":"page","link":"https:\/\/www.tectron-worbis.de\/de\/qualitaet\/traceability\/","title":{"rendered":"Traceability"},"content":{"rendered":"\t\t<div data-elementor-type=\"wp-page\" data-elementor-id=\"428\" class=\"elementor elementor-428\" data-elementor-post-type=\"page\">\n\t\t\t\t\t\t<section class=\"elementor-section elementor-top-section elementor-element elementor-element-15a3d63 elementor-section-boxed elementor-section-height-default elementor-section-height-default\" data-id=\"15a3d63\" data-element_type=\"section\" data-e-type=\"section\" data-settings=\"{&quot;jet_parallax_layout_list&quot;:[{&quot;jet_parallax_layout_image&quot;:{&quot;url&quot;:&quot;&quot;,&quot;id&quot;:&quot;&quot;,&quot;size&quot;:&quot;&quot;},&quot;_id&quot;:&quot;10b6c85&quot;,&quot;jet_parallax_layout_image_tablet&quot;:{&quot;url&quot;:&quot;&quot;,&quot;id&quot;:&quot;&quot;,&quot;size&quot;:&quot;&quot;},&quot;jet_parallax_layout_image_mobile&quot;:{&quot;url&quot;:&quot;&quot;,&quot;id&quot;:&quot;&quot;,&quot;size&quot;:&quot;&quot;},&quot;jet_parallax_layout_speed&quot;:{&quot;unit&quot;:&quot;%&quot;,&quot;size&quot;:50,&quot;sizes&quot;:[]},&quot;jet_parallax_layout_type&quot;:&quot;scroll&quot;,&quot;jet_parallax_layout_direction&quot;:null,&quot;jet_parallax_layout_fx_direction&quot;:null,&quot;jet_parallax_layout_z_index&quot;:&quot;&quot;,&quot;jet_parallax_layout_bg_x&quot;:50,&quot;jet_parallax_layout_bg_x_tablet&quot;:&quot;&quot;,&quot;jet_parallax_layout_bg_x_mobile&quot;:&quot;&quot;,&quot;jet_parallax_layout_bg_y&quot;:50,&quot;jet_parallax_layout_bg_y_tablet&quot;:&quot;&quot;,&quot;jet_parallax_layout_bg_y_mobile&quot;:&quot;&quot;,&quot;jet_parallax_layout_bg_size&quot;:&quot;auto&quot;,&quot;jet_parallax_layout_bg_size_tablet&quot;:&quot;&quot;,&quot;jet_parallax_layout_bg_size_mobile&quot;:&quot;&quot;,&quot;jet_parallax_layout_animation_prop&quot;:&quot;transform&quot;,&quot;jet_parallax_layout_on&quot;:[&quot;desktop&quot;,&quot;tablet&quot;]}]}\">\n\t\t\t\t\t\t<div class=\"elementor-container elementor-column-gap-default\">\n\t\t\t\t\t<div class=\"elementor-column elementor-col-100 elementor-top-column elementor-element elementor-element-013b880\" data-id=\"013b880\" data-element_type=\"column\" data-e-type=\"column\">\n\t\t\t<div class=\"elementor-widget-wrap elementor-element-populated\">\n\t\t\t\t\t\t<div class=\"elementor-element elementor-element-0597914 elementor-widget elementor-widget-heading\" data-id=\"0597914\" data-element_type=\"widget\" data-e-type=\"widget\" data-widget_type=\"heading.default\">\n\t\t\t\t<div class=\"elementor-widget-container\">\n\t\t\t\t\t<h2 class=\"elementor-heading-title elementor-size-default\">Traceability \u2013 mit Sicherheit in die Zukunft<\/h2>\t\t\t\t<\/div>\n\t\t\t\t<\/div>\n\t\t\t\t<div class=\"elementor-element elementor-element-5ac6f5ec elementor-widget elementor-widget-text-editor\" data-id=\"5ac6f5ec\" data-element_type=\"widget\" data-e-type=\"widget\" data-widget_type=\"text-editor.default\">\n\t\t\t\t<div class=\"elementor-widget-container\">\n\t\t\t\t\t\t\t\t\t<div class=\"av-special-heading av-special-heading-h4 blockquote modern-quote modern-centered avia-builder-el-0 el_before_av_one_full avia-builder-el-first \"><p class=\"av-special-heading-tag \">Oftmals bestehen elektronische Baugruppen aus Hunderten von Bauteilen. Nur ein einziges fehlerhaftes Teil kann zu massiven St\u00f6rungen und Fehlfunktionen \u2013 im Extremfall sogar zum Komplettausfall der Systeme \u2013 f\u00fchren. Dies kann unter Umst\u00e4nden schlimme Folgen mit sich bringen, nicht nur finanzieller Art.<\/p><\/div><div class=\"flex_column av_one_full flex_column_div av-zero-column-padding first avia-builder-el-1 el_after_av_heading avia-builder-el-last \"><section class=\"av_textblock_section \"><div class=\"avia_textblock \"><p>Produktsicherheit und -verantwortung sind besonders in unserer Branche untrennbar mit dem Begriff der Traceability verbunden. Die l\u00fcckenlose R\u00fcckverfolgung aller verbauten Teile sowie die Abbildung des gesamten Produktionsprozesses muss auch nach vielen Jahren noch m\u00f6glich sein. Unser modernes Traceability-System erlaubt uns eine l\u00fcckenlose R\u00fcckverfolgung und Identifizierung der gefertigten Produkte. Dies geschieht entlang der gesamten Lieferkette bis hin zum einzelnen Bauteil.<\/p><\/div><\/section><\/div>\t\t\t\t\t\t\t\t<\/div>\n\t\t\t\t<\/div>\n\t\t\t\t\t<\/div>\n\t\t<\/div>\n\t\t\t\t\t<\/div>\n\t\t<\/section>\n\t\t\t\t<section class=\"elementor-section elementor-top-section elementor-element elementor-element-e6c5117 elementor-section-boxed elementor-section-height-default elementor-section-height-default\" data-id=\"e6c5117\" data-element_type=\"section\" data-e-type=\"section\" data-settings=\"{&quot;jet_parallax_layout_list&quot;:[{&quot;jet_parallax_layout_image&quot;:{&quot;url&quot;:&quot;&quot;,&quot;id&quot;:&quot;&quot;,&quot;size&quot;:&quot;&quot;},&quot;_id&quot;:&quot;3b1ef70&quot;,&quot;jet_parallax_layout_image_tablet&quot;:{&quot;url&quot;:&quot;&quot;,&quot;id&quot;:&quot;&quot;,&quot;size&quot;:&quot;&quot;},&quot;jet_parallax_layout_image_mobile&quot;:{&quot;url&quot;:&quot;&quot;,&quot;id&quot;:&quot;&quot;,&quot;size&quot;:&quot;&quot;},&quot;jet_parallax_layout_speed&quot;:{&quot;unit&quot;:&quot;%&quot;,&quot;size&quot;:50,&quot;sizes&quot;:[]},&quot;jet_parallax_layout_type&quot;:&quot;scroll&quot;,&quot;jet_parallax_layout_direction&quot;:null,&quot;jet_parallax_layout_fx_direction&quot;:null,&quot;jet_parallax_layout_z_index&quot;:&quot;&quot;,&quot;jet_parallax_layout_bg_x&quot;:50,&quot;jet_parallax_layout_bg_x_tablet&quot;:&quot;&quot;,&quot;jet_parallax_layout_bg_x_mobile&quot;:&quot;&quot;,&quot;jet_parallax_layout_bg_y&quot;:50,&quot;jet_parallax_layout_bg_y_tablet&quot;:&quot;&quot;,&quot;jet_parallax_layout_bg_y_mobile&quot;:&quot;&quot;,&quot;jet_parallax_layout_bg_size&quot;:&quot;auto&quot;,&quot;jet_parallax_layout_bg_size_tablet&quot;:&quot;&quot;,&quot;jet_parallax_layout_bg_size_mobile&quot;:&quot;&quot;,&quot;jet_parallax_layout_animation_prop&quot;:&quot;transform&quot;,&quot;jet_parallax_layout_on&quot;:[&quot;desktop&quot;,&quot;tablet&quot;]}]}\">\n\t\t\t\t\t\t<div class=\"elementor-container elementor-column-gap-default\">\n\t\t\t\t\t<div class=\"elementor-column elementor-col-66 elementor-top-column elementor-element elementor-element-c25ca63\" data-id=\"c25ca63\" data-element_type=\"column\" data-e-type=\"column\">\n\t\t\t<div class=\"elementor-widget-wrap elementor-element-populated\">\n\t\t\t\t\t\t<div class=\"elementor-element elementor-element-913f003 elementor-widget elementor-widget-image\" data-id=\"913f003\" data-element_type=\"widget\" data-e-type=\"widget\" data-widget_type=\"image.default\">\n\t\t\t\t<div class=\"elementor-widget-container\">\n\t\t\t\t\t\t\t\t\t\t\t\t\t\t\t<img fetchpriority=\"high\" decoding=\"async\" width=\"1024\" height=\"664\" src=\"https:\/\/www.tectron-worbis.de\/wp-content\/uploads\/2025\/08\/GF_MONTAGE-00-1024x664.jpg\" class=\"attachment-large size-large wp-image-3735\" alt=\"\" srcset=\"https:\/\/www.tectron-worbis.de\/wp-content\/uploads\/2025\/08\/GF_MONTAGE-00-1024x664.jpg 1024w, https:\/\/www.tectron-worbis.de\/wp-content\/uploads\/2025\/08\/GF_MONTAGE-00-300x195.jpg 300w, https:\/\/www.tectron-worbis.de\/wp-content\/uploads\/2025\/08\/GF_MONTAGE-00-768x498.jpg 768w, https:\/\/www.tectron-worbis.de\/wp-content\/uploads\/2025\/08\/GF_MONTAGE-00-1536x996.jpg 1536w, https:\/\/www.tectron-worbis.de\/wp-content\/uploads\/2025\/08\/GF_MONTAGE-00-18x12.jpg 18w, https:\/\/www.tectron-worbis.de\/wp-content\/uploads\/2025\/08\/GF_MONTAGE-00-600x389.jpg 600w, https:\/\/www.tectron-worbis.de\/wp-content\/uploads\/2025\/08\/GF_MONTAGE-00.jpg 1800w\" sizes=\"(max-width: 1024px) 100vw, 1024px\" \/>\t\t\t\t\t\t\t\t\t\t\t\t\t\t\t<\/div>\n\t\t\t\t<\/div>\n\t\t\t\t\t<\/div>\n\t\t<\/div>\n\t\t\t\t<div class=\"elementor-column elementor-col-33 elementor-top-column elementor-element elementor-element-312fe79\" data-id=\"312fe79\" data-element_type=\"column\" data-e-type=\"column\">\n\t\t\t<div class=\"elementor-widget-wrap elementor-element-populated\">\n\t\t\t\t\t\t<div class=\"elementor-element elementor-element-41c3572 elementor-widget elementor-widget-heading\" data-id=\"41c3572\" data-element_type=\"widget\" data-e-type=\"widget\" data-widget_type=\"heading.default\">\n\t\t\t\t<div class=\"elementor-widget-container\">\n\t\t\t\t\t<h2 class=\"elementor-heading-title elementor-size-default\">R\u00fcckverfolgung bereits am Wareneingang<\/h2>\t\t\t\t<\/div>\n\t\t\t\t<\/div>\n\t\t\t\t<div class=\"elementor-element elementor-element-210dc14 elementor-widget elementor-widget-text-editor\" data-id=\"210dc14\" data-element_type=\"widget\" data-e-type=\"widget\" data-widget_type=\"text-editor.default\">\n\t\t\t\t<div class=\"elementor-widget-container\">\n\t\t\t\t\t\t\t\t\t<p class=\"av-special-heading-tag \">Bereits im Wareneingang wird dazu der Grundstein mit einer voll automatischen Wareneingangspr\u00fcfung gelegt. Alle Informationen werden mittels eines Scan-Systems (der Firma Modi) erfasst, verarbeitet und im Warenwirtschaftssystem hinterlegt. F\u00fcr jede Verpackungseinheit wird eine eineindeutige Unique-ID im Datamatrixformat erzeugt. Durch die Kopplung des Wareneingangssystems, der einzelnen SMT-Linien mit unserem Warenwirtschaftssystem SAP ist jederzeit eine l\u00fcckenlose R\u00fcckverfolgung garantiert. Selbst nach vielen Jahren sind damit alle ben\u00f6tigten Informationen vorhanden \u2013 schnell und zuverl\u00e4ssig.<\/p>\t\t\t\t\t\t\t\t<\/div>\n\t\t\t\t<\/div>\n\t\t\t\t\t<\/div>\n\t\t<\/div>\n\t\t\t\t\t<\/div>\n\t\t<\/section>\n\t\t\t\t<\/div>\n\t\t","protected":false},"excerpt":{"rendered":"<p>Traceability \u2013 mit Sicherheit in die Zukunft Oftmals bestehen elektronische Baugruppen aus Hunderten von Bauteilen. Nur ein einziges fehlerhaftes Teil kann zu massiven St\u00f6rungen und Fehlfunktionen \u2013 im Extremfall sogar zum Komplettausfall der Systeme \u2013 f\u00fchren. Dies kann unter Umst\u00e4nden schlimme Folgen mit sich bringen, nicht nur finanzieller Art. Produktsicherheit und -verantwortung sind besonders in [&hellip;]<\/p>\n","protected":false},"author":1,"featured_media":0,"parent":426,"menu_order":10,"comment_status":"closed","ping_status":"closed","template":"","meta":{"footnotes":""},"class_list":["post-428","page","type-page","status-publish","hentry"],"yoast_head":"<!-- This site is optimized with the Yoast SEO plugin v27.5 - https:\/\/yoast.com\/product\/yoast-seo-wordpress\/ -->\n<title>Traceability &#8211; TECTRON WORBIS<\/title>\n<meta name=\"robots\" content=\"index, follow, max-snippet:-1, max-image-preview:large, max-video-preview:-1\" \/>\n<link rel=\"canonical\" href=\"https:\/\/www.tectron-worbis.de\/de\/qualitaet\/traceability\/\" \/>\n<meta property=\"og:locale\" content=\"de_DE\" \/>\n<meta property=\"og:type\" content=\"article\" \/>\n<meta property=\"og:title\" content=\"Traceability &#8211; TECTRON WORBIS\" \/>\n<meta property=\"og:description\" content=\"Traceability \u2013 mit Sicherheit in die Zukunft Oftmals bestehen elektronische Baugruppen aus Hunderten von Bauteilen. Nur ein einziges fehlerhaftes Teil kann zu massiven St\u00f6rungen und Fehlfunktionen \u2013 im Extremfall sogar zum Komplettausfall der Systeme \u2013 f\u00fchren. Dies kann unter Umst\u00e4nden schlimme Folgen mit sich bringen, nicht nur finanzieller Art. Produktsicherheit und -verantwortung sind besonders in [&hellip;]\" \/>\n<meta property=\"og:url\" content=\"https:\/\/www.tectron-worbis.de\/de\/qualitaet\/traceability\/\" \/>\n<meta property=\"og:site_name\" content=\"TECTRON WORBIS\" \/>\n<meta property=\"article:modified_time\" content=\"2025-08-18T12:34:21+00:00\" \/>\n<meta property=\"og:image\" content=\"https:\/\/www.tectron-worbis.de\/wp-content\/uploads\/2025\/08\/GF_MONTAGE-00-1024x664.jpg\" \/>\n<meta name=\"twitter:card\" content=\"summary_large_image\" \/>\n<meta name=\"twitter:label1\" content=\"Gesch\u00e4tzte Lesezeit\" \/>\n\t<meta name=\"twitter:data1\" content=\"1\u00a0Minute\" \/>\n<script type=\"application\/ld+json\" class=\"yoast-schema-graph\">{\"@context\":\"https:\\\/\\\/schema.org\",\"@graph\":[{\"@type\":\"WebPage\",\"@id\":\"https:\\\/\\\/www.tectron-worbis.de\\\/en\\\/qualitaet\\\/traceability\\\/\",\"url\":\"https:\\\/\\\/www.tectron-worbis.de\\\/en\\\/qualitaet\\\/traceability\\\/\",\"name\":\"Traceability &#8211; TECTRON WORBIS\",\"isPartOf\":{\"@id\":\"https:\\\/\\\/www.tectron-worbis.de\\\/de\\\/#website\"},\"primaryImageOfPage\":{\"@id\":\"https:\\\/\\\/www.tectron-worbis.de\\\/en\\\/qualitaet\\\/traceability\\\/#primaryimage\"},\"image\":{\"@id\":\"https:\\\/\\\/www.tectron-worbis.de\\\/en\\\/qualitaet\\\/traceability\\\/#primaryimage\"},\"thumbnailUrl\":\"https:\\\/\\\/www.tectron-worbis.de\\\/wp-content\\\/uploads\\\/2025\\\/08\\\/GF_MONTAGE-00-1024x664.jpg\",\"datePublished\":\"2018-03-06T16:09:20+00:00\",\"dateModified\":\"2025-08-18T12:34:21+00:00\",\"breadcrumb\":{\"@id\":\"https:\\\/\\\/www.tectron-worbis.de\\\/en\\\/qualitaet\\\/traceability\\\/#breadcrumb\"},\"inLanguage\":\"de\",\"potentialAction\":[{\"@type\":\"ReadAction\",\"target\":[\"https:\\\/\\\/www.tectron-worbis.de\\\/en\\\/qualitaet\\\/traceability\\\/\"]}]},{\"@type\":\"ImageObject\",\"inLanguage\":\"de\",\"@id\":\"https:\\\/\\\/www.tectron-worbis.de\\\/en\\\/qualitaet\\\/traceability\\\/#primaryimage\",\"url\":\"https:\\\/\\\/www.tectron-worbis.de\\\/wp-content\\\/uploads\\\/2025\\\/08\\\/GF_MONTAGE-00-1024x664.jpg\",\"contentUrl\":\"https:\\\/\\\/www.tectron-worbis.de\\\/wp-content\\\/uploads\\\/2025\\\/08\\\/GF_MONTAGE-00-1024x664.jpg\"},{\"@type\":\"BreadcrumbList\",\"@id\":\"https:\\\/\\\/www.tectron-worbis.de\\\/en\\\/qualitaet\\\/traceability\\\/#breadcrumb\",\"itemListElement\":[{\"@type\":\"ListItem\",\"position\":1,\"name\":\"Startseite\",\"item\":\"https:\\\/\\\/www.tectron-worbis.de\\\/de\\\/\"},{\"@type\":\"ListItem\",\"position\":2,\"name\":\"Qualit\u00e4t\",\"item\":\"https:\\\/\\\/www.tectron-worbis.de\\\/de\\\/qualitaet\\\/\"},{\"@type\":\"ListItem\",\"position\":3,\"name\":\"Traceability\"}]},{\"@type\":\"WebSite\",\"@id\":\"https:\\\/\\\/www.tectron-worbis.de\\\/de\\\/#website\",\"url\":\"https:\\\/\\\/www.tectron-worbis.de\\\/de\\\/\",\"name\":\"TECTRON WORBIS\",\"description\":\"Ihr EMS Dienstleister aus Th\u00fcringen\",\"publisher\":{\"@id\":\"https:\\\/\\\/www.tectron-worbis.de\\\/de\\\/#organization\"},\"potentialAction\":[{\"@type\":\"SearchAction\",\"target\":{\"@type\":\"EntryPoint\",\"urlTemplate\":\"https:\\\/\\\/www.tectron-worbis.de\\\/de\\\/?s={search_term_string}\"},\"query-input\":{\"@type\":\"PropertyValueSpecification\",\"valueRequired\":true,\"valueName\":\"search_term_string\"}}],\"inLanguage\":\"de\"},{\"@type\":\"Organization\",\"@id\":\"https:\\\/\\\/www.tectron-worbis.de\\\/de\\\/#organization\",\"name\":\"TECTRON WORBIS\",\"url\":\"https:\\\/\\\/www.tectron-worbis.de\\\/de\\\/\",\"logo\":{\"@type\":\"ImageObject\",\"inLanguage\":\"de\",\"@id\":\"https:\\\/\\\/www.tectron-worbis.de\\\/de\\\/#\\\/schema\\\/logo\\\/image\\\/\",\"url\":\"https:\\\/\\\/www.tectron-worbis.de\\\/wp-content\\\/uploads\\\/2021\\\/10\\\/LOGO-BLACK.png\",\"contentUrl\":\"https:\\\/\\\/www.tectron-worbis.de\\\/wp-content\\\/uploads\\\/2021\\\/10\\\/LOGO-BLACK.png\",\"width\":707,\"height\":187,\"caption\":\"TECTRON WORBIS\"},\"image\":{\"@id\":\"https:\\\/\\\/www.tectron-worbis.de\\\/de\\\/#\\\/schema\\\/logo\\\/image\\\/\"}}]}<\/script>\n<!-- \/ Yoast SEO plugin. -->","yoast_head_json":{"title":"Traceability &#8211; TECTRON WORBIS","robots":{"index":"index","follow":"follow","max-snippet":"max-snippet:-1","max-image-preview":"max-image-preview:large","max-video-preview":"max-video-preview:-1"},"canonical":"https:\/\/www.tectron-worbis.de\/de\/qualitaet\/traceability\/","og_locale":"de_DE","og_type":"article","og_title":"Traceability &#8211; TECTRON WORBIS","og_description":"Traceability \u2013 mit Sicherheit in die Zukunft Oftmals bestehen elektronische Baugruppen aus Hunderten von Bauteilen. Nur ein einziges fehlerhaftes Teil kann zu massiven St\u00f6rungen und Fehlfunktionen \u2013 im Extremfall sogar zum Komplettausfall der Systeme \u2013 f\u00fchren. Dies kann unter Umst\u00e4nden schlimme Folgen mit sich bringen, nicht nur finanzieller Art. Produktsicherheit und -verantwortung sind besonders in [&hellip;]","og_url":"https:\/\/www.tectron-worbis.de\/de\/qualitaet\/traceability\/","og_site_name":"TECTRON WORBIS","article_modified_time":"2025-08-18T12:34:21+00:00","og_image":[{"url":"https:\/\/www.tectron-worbis.de\/wp-content\/uploads\/2025\/08\/GF_MONTAGE-00-1024x664.jpg","type":"","width":"","height":""}],"twitter_card":"summary_large_image","twitter_misc":{"Gesch\u00e4tzte Lesezeit":"1\u00a0Minute"},"schema":{"@context":"https:\/\/schema.org","@graph":[{"@type":"WebPage","@id":"https:\/\/www.tectron-worbis.de\/en\/qualitaet\/traceability\/","url":"https:\/\/www.tectron-worbis.de\/en\/qualitaet\/traceability\/","name":"Traceability &#8211; TECTRON WORBIS","isPartOf":{"@id":"https:\/\/www.tectron-worbis.de\/de\/#website"},"primaryImageOfPage":{"@id":"https:\/\/www.tectron-worbis.de\/en\/qualitaet\/traceability\/#primaryimage"},"image":{"@id":"https:\/\/www.tectron-worbis.de\/en\/qualitaet\/traceability\/#primaryimage"},"thumbnailUrl":"https:\/\/www.tectron-worbis.de\/wp-content\/uploads\/2025\/08\/GF_MONTAGE-00-1024x664.jpg","datePublished":"2018-03-06T16:09:20+00:00","dateModified":"2025-08-18T12:34:21+00:00","breadcrumb":{"@id":"https:\/\/www.tectron-worbis.de\/en\/qualitaet\/traceability\/#breadcrumb"},"inLanguage":"de","potentialAction":[{"@type":"ReadAction","target":["https:\/\/www.tectron-worbis.de\/en\/qualitaet\/traceability\/"]}]},{"@type":"ImageObject","inLanguage":"de","@id":"https:\/\/www.tectron-worbis.de\/en\/qualitaet\/traceability\/#primaryimage","url":"https:\/\/www.tectron-worbis.de\/wp-content\/uploads\/2025\/08\/GF_MONTAGE-00-1024x664.jpg","contentUrl":"https:\/\/www.tectron-worbis.de\/wp-content\/uploads\/2025\/08\/GF_MONTAGE-00-1024x664.jpg"},{"@type":"BreadcrumbList","@id":"https:\/\/www.tectron-worbis.de\/en\/qualitaet\/traceability\/#breadcrumb","itemListElement":[{"@type":"ListItem","position":1,"name":"Startseite","item":"https:\/\/www.tectron-worbis.de\/de\/"},{"@type":"ListItem","position":2,"name":"Qualit\u00e4t","item":"https:\/\/www.tectron-worbis.de\/de\/qualitaet\/"},{"@type":"ListItem","position":3,"name":"Traceability"}]},{"@type":"WebSite","@id":"https:\/\/www.tectron-worbis.de\/de\/#website","url":"https:\/\/www.tectron-worbis.de\/de\/","name":"TECTRON WORBIS","description":"Ihr EMS Dienstleister aus Th\u00fcringen","publisher":{"@id":"https:\/\/www.tectron-worbis.de\/de\/#organization"},"potentialAction":[{"@type":"SearchAction","target":{"@type":"EntryPoint","urlTemplate":"https:\/\/www.tectron-worbis.de\/de\/?s={search_term_string}"},"query-input":{"@type":"PropertyValueSpecification","valueRequired":true,"valueName":"search_term_string"}}],"inLanguage":"de"},{"@type":"Organization","@id":"https:\/\/www.tectron-worbis.de\/de\/#organization","name":"TECTRON WORBIS","url":"https:\/\/www.tectron-worbis.de\/de\/","logo":{"@type":"ImageObject","inLanguage":"de","@id":"https:\/\/www.tectron-worbis.de\/de\/#\/schema\/logo\/image\/","url":"https:\/\/www.tectron-worbis.de\/wp-content\/uploads\/2021\/10\/LOGO-BLACK.png","contentUrl":"https:\/\/www.tectron-worbis.de\/wp-content\/uploads\/2021\/10\/LOGO-BLACK.png","width":707,"height":187,"caption":"TECTRON WORBIS"},"image":{"@id":"https:\/\/www.tectron-worbis.de\/de\/#\/schema\/logo\/image\/"}}]}},"_links":{"self":[{"href":"https:\/\/www.tectron-worbis.de\/de\/wp-json\/wp\/v2\/pages\/428","targetHints":{"allow":["GET"]}}],"collection":[{"href":"https:\/\/www.tectron-worbis.de\/de\/wp-json\/wp\/v2\/pages"}],"about":[{"href":"https:\/\/www.tectron-worbis.de\/de\/wp-json\/wp\/v2\/types\/page"}],"author":[{"embeddable":true,"href":"https:\/\/www.tectron-worbis.de\/de\/wp-json\/wp\/v2\/users\/1"}],"replies":[{"embeddable":true,"href":"https:\/\/www.tectron-worbis.de\/de\/wp-json\/wp\/v2\/comments?post=428"}],"version-history":[{"count":18,"href":"https:\/\/www.tectron-worbis.de\/de\/wp-json\/wp\/v2\/pages\/428\/revisions"}],"predecessor-version":[{"id":3738,"href":"https:\/\/www.tectron-worbis.de\/de\/wp-json\/wp\/v2\/pages\/428\/revisions\/3738"}],"up":[{"embeddable":true,"href":"https:\/\/www.tectron-worbis.de\/de\/wp-json\/wp\/v2\/pages\/426"}],"wp:attachment":[{"href":"https:\/\/www.tectron-worbis.de\/de\/wp-json\/wp\/v2\/media?parent=428"}],"curies":[{"name":"wp","href":"https:\/\/api.w.org\/{rel}","templated":true}]}}