{"id":426,"date":"2018-03-06T17:09:05","date_gmt":"2018-03-06T16:09:05","guid":{"rendered":"https:\/\/tectron-worbis.de.46-4-53-222.vorschau.marketing-thom.de\/?page_id=426"},"modified":"2025-08-18T14:20:29","modified_gmt":"2025-08-18T12:20:29","slug":"qualitaet","status":"publish","type":"page","link":"https:\/\/www.tectron-worbis.de\/en\/qualitaet\/","title":{"rendered":"Quality"},"content":{"rendered":"\t\t<div data-elementor-type=\"wp-page\" data-elementor-id=\"426\" class=\"elementor elementor-426\" data-elementor-post-type=\"page\">\n\t\t\t\t\t\t<section class=\"elementor-section elementor-top-section elementor-element elementor-element-1d0bb97d elementor-section-boxed elementor-section-height-default elementor-section-height-default\" data-id=\"1d0bb97d\" data-element_type=\"section\" data-e-type=\"section\" data-settings=\"{&quot;jet_parallax_layout_list&quot;:[{&quot;jet_parallax_layout_image&quot;:{&quot;url&quot;:&quot;&quot;,&quot;id&quot;:&quot;&quot;,&quot;size&quot;:&quot;&quot;},&quot;_id&quot;:&quot;196d18a&quot;,&quot;jet_parallax_layout_image_tablet&quot;:{&quot;url&quot;:&quot;&quot;,&quot;id&quot;:&quot;&quot;,&quot;size&quot;:&quot;&quot;},&quot;jet_parallax_layout_image_mobile&quot;:{&quot;url&quot;:&quot;&quot;,&quot;id&quot;:&quot;&quot;,&quot;size&quot;:&quot;&quot;},&quot;jet_parallax_layout_speed&quot;:{&quot;unit&quot;:&quot;%&quot;,&quot;size&quot;:50,&quot;sizes&quot;:[]},&quot;jet_parallax_layout_type&quot;:&quot;scroll&quot;,&quot;jet_parallax_layout_direction&quot;:null,&quot;jet_parallax_layout_fx_direction&quot;:null,&quot;jet_parallax_layout_z_index&quot;:&quot;&quot;,&quot;jet_parallax_layout_bg_x&quot;:50,&quot;jet_parallax_layout_bg_x_tablet&quot;:&quot;&quot;,&quot;jet_parallax_layout_bg_x_mobile&quot;:&quot;&quot;,&quot;jet_parallax_layout_bg_y&quot;:50,&quot;jet_parallax_layout_bg_y_tablet&quot;:&quot;&quot;,&quot;jet_parallax_layout_bg_y_mobile&quot;:&quot;&quot;,&quot;jet_parallax_layout_bg_size&quot;:&quot;auto&quot;,&quot;jet_parallax_layout_bg_size_tablet&quot;:&quot;&quot;,&quot;jet_parallax_layout_bg_size_mobile&quot;:&quot;&quot;,&quot;jet_parallax_layout_animation_prop&quot;:&quot;transform&quot;,&quot;jet_parallax_layout_on&quot;:[&quot;desktop&quot;,&quot;tablet&quot;]}]}\">\n\t\t\t\t\t\t<div class=\"elementor-container elementor-column-gap-default\">\n\t\t\t\t\t<div class=\"elementor-column elementor-col-33 elementor-top-column elementor-element elementor-element-576f6e2\" data-id=\"576f6e2\" data-element_type=\"column\" data-e-type=\"column\">\n\t\t\t<div class=\"elementor-widget-wrap elementor-element-populated\">\n\t\t\t\t\t\t<div class=\"elementor-element elementor-element-61471f5c elementor-widget elementor-widget-heading\" data-id=\"61471f5c\" data-element_type=\"widget\" data-e-type=\"widget\" data-widget_type=\"heading.default\">\n\t\t\t\t<div class=\"elementor-widget-container\">\n\t\t\t\t\t<h2 class=\"elementor-heading-title elementor-size-default\">Qualit\u00e4t als oberste Maxime<\/h2>\t\t\t\t<\/div>\n\t\t\t\t<\/div>\n\t\t\t\t<div class=\"elementor-element elementor-element-3660c6 elementor-widget elementor-widget-text-editor\" data-id=\"3660c6\" data-element_type=\"widget\" data-e-type=\"widget\" data-widget_type=\"text-editor.default\">\n\t\t\t\t<div class=\"elementor-widget-container\">\n\t\t\t\t\t\t\t\t\t<div class=\"av-special-heading av-special-heading-h4 blockquote modern-quote modern-centered avia-builder-el-1 el_after_av_slideshow_full el_before_av_one_full avia-builder-el-first \"><p class=\"av-special-heading-tag \">Standardisierte und innovative Prozesse, die von unseren motivierten, hochqualifizierten Mitarbeitern gelebt werden sowie eine technische Ausstattung der modernsten Art \u2013 unsere Kunden verstehen, was uns unsere hohen Qualit\u00e4tsstandards bedeuten.<\/p><\/div><div class=\"flex_column av_one_full flex_column_div av-zero-column-padding first avia-builder-el-2 el_after_av_heading avia-builder-el-last \"><section class=\"av_textblock_section \"><div class=\"avia_textblock \"><p>Jeden Tag gilt es, neue Verbesserungen zu erzielen, Abl\u00e4ufe noch effizienter zu gestalten und Kundenw\u00fcnsche so schnell wie m\u00f6glich umzusetzen. Dabei k\u00f6nnen wir uns auch auf unser durchgehendes Traceability-System verlassen.<\/p><\/div><\/section><\/div>\t\t\t\t\t\t\t\t<\/div>\n\t\t\t\t<\/div>\n\t\t\t\t\t<\/div>\n\t\t<\/div>\n\t\t\t\t<div class=\"elementor-column elementor-col-66 elementor-top-column elementor-element elementor-element-aada194\" data-id=\"aada194\" data-element_type=\"column\" data-e-type=\"column\">\n\t\t\t<div class=\"elementor-widget-wrap elementor-element-populated\">\n\t\t\t\t\t\t<div class=\"elementor-element elementor-element-526de6f elementor-widget elementor-widget-image\" data-id=\"526de6f\" data-element_type=\"widget\" data-e-type=\"widget\" data-widget_type=\"image.default\">\n\t\t\t\t<div class=\"elementor-widget-container\">\n\t\t\t\t\t\t\t\t\t\t\t\t\t\t\t<img fetchpriority=\"high\" decoding=\"async\" width=\"1024\" height=\"664\" src=\"https:\/\/www.tectron-worbis.de\/wp-content\/uploads\/2025\/08\/GF_MONTAGE-u-1024x664.jpg\" class=\"attachment-large size-large wp-image-3729\" alt=\"\" srcset=\"https:\/\/www.tectron-worbis.de\/wp-content\/uploads\/2025\/08\/GF_MONTAGE-u-1024x664.jpg 1024w, https:\/\/www.tectron-worbis.de\/wp-content\/uploads\/2025\/08\/GF_MONTAGE-u-300x195.jpg 300w, https:\/\/www.tectron-worbis.de\/wp-content\/uploads\/2025\/08\/GF_MONTAGE-u-768x498.jpg 768w, https:\/\/www.tectron-worbis.de\/wp-content\/uploads\/2025\/08\/GF_MONTAGE-u-1536x996.jpg 1536w, https:\/\/www.tectron-worbis.de\/wp-content\/uploads\/2025\/08\/GF_MONTAGE-u-18x12.jpg 18w, https:\/\/www.tectron-worbis.de\/wp-content\/uploads\/2025\/08\/GF_MONTAGE-u-600x389.jpg 600w, https:\/\/www.tectron-worbis.de\/wp-content\/uploads\/2025\/08\/GF_MONTAGE-u.jpg 1800w\" sizes=\"(max-width: 1024px) 100vw, 1024px\" \/>\t\t\t\t\t\t\t\t\t\t\t\t\t\t\t<\/div>\n\t\t\t\t<\/div>\n\t\t\t\t\t<\/div>\n\t\t<\/div>\n\t\t\t\t\t<\/div>\n\t\t<\/section>\n\t\t\t\t<section class=\"elementor-section elementor-top-section elementor-element elementor-element-7e4dcde elementor-section-boxed elementor-section-height-default elementor-section-height-default\" data-id=\"7e4dcde\" data-element_type=\"section\" data-e-type=\"section\" data-settings=\"{&quot;jet_parallax_layout_list&quot;:[{&quot;jet_parallax_layout_image&quot;:{&quot;url&quot;:&quot;&quot;,&quot;id&quot;:&quot;&quot;,&quot;size&quot;:&quot;&quot;},&quot;_id&quot;:&quot;ef6fa7d&quot;,&quot;jet_parallax_layout_image_tablet&quot;:{&quot;url&quot;:&quot;&quot;,&quot;id&quot;:&quot;&quot;,&quot;size&quot;:&quot;&quot;},&quot;jet_parallax_layout_image_mobile&quot;:{&quot;url&quot;:&quot;&quot;,&quot;id&quot;:&quot;&quot;,&quot;size&quot;:&quot;&quot;},&quot;jet_parallax_layout_speed&quot;:{&quot;unit&quot;:&quot;%&quot;,&quot;size&quot;:50,&quot;sizes&quot;:[]},&quot;jet_parallax_layout_type&quot;:&quot;scroll&quot;,&quot;jet_parallax_layout_direction&quot;:null,&quot;jet_parallax_layout_fx_direction&quot;:null,&quot;jet_parallax_layout_z_index&quot;:&quot;&quot;,&quot;jet_parallax_layout_bg_x&quot;:50,&quot;jet_parallax_layout_bg_x_tablet&quot;:&quot;&quot;,&quot;jet_parallax_layout_bg_x_mobile&quot;:&quot;&quot;,&quot;jet_parallax_layout_bg_y&quot;:50,&quot;jet_parallax_layout_bg_y_tablet&quot;:&quot;&quot;,&quot;jet_parallax_layout_bg_y_mobile&quot;:&quot;&quot;,&quot;jet_parallax_layout_bg_size&quot;:&quot;auto&quot;,&quot;jet_parallax_layout_bg_size_tablet&quot;:&quot;&quot;,&quot;jet_parallax_layout_bg_size_mobile&quot;:&quot;&quot;,&quot;jet_parallax_layout_animation_prop&quot;:&quot;transform&quot;,&quot;jet_parallax_layout_on&quot;:[&quot;desktop&quot;,&quot;tablet&quot;]}]}\">\n\t\t\t\t\t\t<div class=\"elementor-container elementor-column-gap-default\">\n\t\t\t\t\t<div class=\"elementor-column elementor-col-66 elementor-top-column elementor-element elementor-element-756a8fc\" data-id=\"756a8fc\" data-element_type=\"column\" data-e-type=\"column\">\n\t\t\t<div class=\"elementor-widget-wrap elementor-element-populated\">\n\t\t\t\t\t\t<div class=\"elementor-element elementor-element-ef77d85 elementor-widget elementor-widget-image\" data-id=\"ef77d85\" data-element_type=\"widget\" data-e-type=\"widget\" data-widget_type=\"image.default\">\n\t\t\t\t<div class=\"elementor-widget-container\">\n\t\t\t\t\t\t\t\t\t\t\t\t\t\t\t<img decoding=\"async\" width=\"1024\" height=\"664\" src=\"https:\/\/www.tectron-worbis.de\/wp-content\/uploads\/2025\/08\/GF_MONTAGE-5-1024x664.jpg\" class=\"attachment-large size-large wp-image-3731\" alt=\"\" srcset=\"https:\/\/www.tectron-worbis.de\/wp-content\/uploads\/2025\/08\/GF_MONTAGE-5-1024x664.jpg 1024w, https:\/\/www.tectron-worbis.de\/wp-content\/uploads\/2025\/08\/GF_MONTAGE-5-300x195.jpg 300w, https:\/\/www.tectron-worbis.de\/wp-content\/uploads\/2025\/08\/GF_MONTAGE-5-768x498.jpg 768w, https:\/\/www.tectron-worbis.de\/wp-content\/uploads\/2025\/08\/GF_MONTAGE-5-1536x996.jpg 1536w, https:\/\/www.tectron-worbis.de\/wp-content\/uploads\/2025\/08\/GF_MONTAGE-5-18x12.jpg 18w, https:\/\/www.tectron-worbis.de\/wp-content\/uploads\/2025\/08\/GF_MONTAGE-5-600x389.jpg 600w, https:\/\/www.tectron-worbis.de\/wp-content\/uploads\/2025\/08\/GF_MONTAGE-5.jpg 1800w\" sizes=\"(max-width: 1024px) 100vw, 1024px\" \/>\t\t\t\t\t\t\t\t\t\t\t\t\t\t\t<\/div>\n\t\t\t\t<\/div>\n\t\t\t\t\t<\/div>\n\t\t<\/div>\n\t\t\t\t<div class=\"elementor-column elementor-col-33 elementor-top-column elementor-element elementor-element-82a92c3\" data-id=\"82a92c3\" data-element_type=\"column\" data-e-type=\"column\">\n\t\t\t<div class=\"elementor-widget-wrap elementor-element-populated\">\n\t\t\t\t\t\t<div class=\"elementor-element elementor-element-8f13094 elementor-widget elementor-widget-heading\" data-id=\"8f13094\" data-element_type=\"widget\" data-e-type=\"widget\" data-widget_type=\"heading.default\">\n\t\t\t\t<div class=\"elementor-widget-container\">\n\t\t\t\t\t<h2 class=\"elementor-heading-title elementor-size-default\">Individuelle L\u00f6sungen f\u00fcr maximale Qualit\u00e4t<\/h2>\t\t\t\t<\/div>\n\t\t\t\t<\/div>\n\t\t\t\t<div class=\"elementor-element elementor-element-7e09edf elementor-widget elementor-widget-text-editor\" data-id=\"7e09edf\" data-element_type=\"widget\" data-e-type=\"widget\" data-widget_type=\"text-editor.default\">\n\t\t\t\t<div class=\"elementor-widget-container\">\n\t\t\t\t\t\t\t\t\t<p>Jedes Projekt wird neu durchdacht, flexible L\u00f6sungsans\u00e4tze werden erarbeitet und die Qualit\u00e4t der Bauteile und Materialien st\u00e4ndig gepr\u00fcft. Hohe Qualit\u00e4t ist die oberste Maxime unserer Unternehmensphilosophie.<\/p><p>Unser integriertes Management-Handbuch ist nach TS 16949-Standard aufgebaut. Die Wirksamkeit unseres Qualit\u00e4tsmanagementsystems wird durch st\u00e4ndige interne Audits \u00fcberwacht und durch bekannte externe Pr\u00fcfstellen zertifiziert. Zudem dokumentieren nahezu w\u00f6chentliche Audits unserer Kunden ebenso unsere hohen und gelebten Qualit\u00e4tsstandards.<\/p>\t\t\t\t\t\t\t\t<\/div>\n\t\t\t\t<\/div>\n\t\t\t\t\t<\/div>\n\t\t<\/div>\n\t\t\t\t\t<\/div>\n\t\t<\/section>\n\t\t\t\t<section class=\"elementor-section elementor-top-section elementor-element elementor-element-2572ea0 elementor-section-full_width elementor-section-stretched elementor-section-height-default elementor-section-height-default\" data-id=\"2572ea0\" data-element_type=\"section\" data-e-type=\"section\" data-settings=\"{&quot;stretch_section&quot;:&quot;section-stretched&quot;,&quot;jet_parallax_layout_list&quot;:[{&quot;jet_parallax_layout_image&quot;:{&quot;url&quot;:&quot;&quot;,&quot;id&quot;:&quot;&quot;,&quot;size&quot;:&quot;&quot;},&quot;_id&quot;:&quot;2a3de78&quot;,&quot;jet_parallax_layout_image_tablet&quot;:{&quot;url&quot;:&quot;&quot;,&quot;id&quot;:&quot;&quot;,&quot;size&quot;:&quot;&quot;},&quot;jet_parallax_layout_image_mobile&quot;:{&quot;url&quot;:&quot;&quot;,&quot;id&quot;:&quot;&quot;,&quot;size&quot;:&quot;&quot;},&quot;jet_parallax_layout_speed&quot;:{&quot;unit&quot;:&quot;%&quot;,&quot;size&quot;:50,&quot;sizes&quot;:[]},&quot;jet_parallax_layout_type&quot;:&quot;scroll&quot;,&quot;jet_parallax_layout_direction&quot;:null,&quot;jet_parallax_layout_fx_direction&quot;:null,&quot;jet_parallax_layout_z_index&quot;:&quot;&quot;,&quot;jet_parallax_layout_bg_x&quot;:50,&quot;jet_parallax_layout_bg_x_tablet&quot;:&quot;&quot;,&quot;jet_parallax_layout_bg_x_mobile&quot;:&quot;&quot;,&quot;jet_parallax_layout_bg_y&quot;:50,&quot;jet_parallax_layout_bg_y_tablet&quot;:&quot;&quot;,&quot;jet_parallax_layout_bg_y_mobile&quot;:&quot;&quot;,&quot;jet_parallax_layout_bg_size&quot;:&quot;auto&quot;,&quot;jet_parallax_layout_bg_size_tablet&quot;:&quot;&quot;,&quot;jet_parallax_layout_bg_size_mobile&quot;:&quot;&quot;,&quot;jet_parallax_layout_animation_prop&quot;:&quot;transform&quot;,&quot;jet_parallax_layout_on&quot;:[&quot;desktop&quot;,&quot;tablet&quot;]}],&quot;background_background&quot;:&quot;classic&quot;}\">\n\t\t\t\t\t\t<div class=\"elementor-container elementor-column-gap-default\">\n\t\t\t\t\t<div class=\"elementor-column elementor-col-100 elementor-top-column elementor-element elementor-element-4c48566\" data-id=\"4c48566\" data-element_type=\"column\" data-e-type=\"column\">\n\t\t\t<div class=\"elementor-widget-wrap elementor-element-populated\">\n\t\t\t\t\t\t<div class=\"elementor-element elementor-element-97eb984 elementor-widget elementor-widget-heading\" data-id=\"97eb984\" data-element_type=\"widget\" data-e-type=\"widget\" data-widget_type=\"heading.default\">\n\t\t\t\t<div class=\"elementor-widget-container\">\n\t\t\t\t\t<h2 class=\"elementor-heading-title elementor-size-default\"><a href=\"https:\/\/www.tectron-worbis.de\/de\/certificates-2\/\">Zu unseren Zertifikaten<\/a><\/h2>\t\t\t\t<\/div>\n\t\t\t\t<\/div>\n\t\t\t\t\t<\/div>\n\t\t<\/div>\n\t\t\t\t\t<\/div>\n\t\t<\/section>\n\t\t\t\t<\/div>\n\t\t","protected":false},"excerpt":{"rendered":"<p>Qualit\u00e4t als oberste Maxime Standardisierte und innovative Prozesse, die von unseren motivierten, hochqualifizierten Mitarbeitern gelebt werden sowie eine technische Ausstattung der modernsten Art \u2013 unsere Kunden verstehen, was uns unsere hohen Qualit\u00e4tsstandards bedeuten. Jeden Tag gilt es, neue Verbesserungen zu erzielen, Abl\u00e4ufe noch effizienter zu gestalten und Kundenw\u00fcnsche so schnell wie m\u00f6glich umzusetzen. Dabei k\u00f6nnen [&hellip;]<\/p>\n","protected":false},"author":1,"featured_media":0,"parent":0,"menu_order":50,"comment_status":"closed","ping_status":"closed","template":"","meta":{"footnotes":""},"class_list":["post-426","page","type-page","status-publish","hentry"],"yoast_head":"<!-- This site is optimized with the Yoast SEO plugin v27.3 - https:\/\/yoast.com\/product\/yoast-seo-wordpress\/ -->\n<title>Qualit\u00e4t &#8211; TECTRON WORBIS<\/title>\n<meta name=\"robots\" content=\"index, follow, max-snippet:-1, max-image-preview:large, max-video-preview:-1\" \/>\n<link rel=\"canonical\" href=\"https:\/\/www.tectron-worbis.de\/en\/qualitaet\/\" \/>\n<meta property=\"og:locale\" content=\"en_GB\" \/>\n<meta property=\"og:type\" content=\"article\" \/>\n<meta property=\"og:title\" content=\"Qualit\u00e4t &#8211; TECTRON WORBIS\" \/>\n<meta property=\"og:description\" content=\"Qualit\u00e4t als oberste Maxime Standardisierte und innovative Prozesse, die von unseren motivierten, hochqualifizierten Mitarbeitern gelebt werden sowie eine technische Ausstattung der modernsten Art \u2013 unsere Kunden verstehen, was uns unsere hohen Qualit\u00e4tsstandards bedeuten. Jeden Tag gilt es, neue Verbesserungen zu erzielen, Abl\u00e4ufe noch effizienter zu gestalten und Kundenw\u00fcnsche so schnell wie m\u00f6glich umzusetzen. Dabei k\u00f6nnen [&hellip;]\" \/>\n<meta property=\"og:url\" content=\"https:\/\/www.tectron-worbis.de\/en\/qualitaet\/\" \/>\n<meta property=\"og:site_name\" content=\"TECTRON WORBIS\" \/>\n<meta property=\"article:modified_time\" content=\"2025-08-18T12:20:29+00:00\" \/>\n<meta property=\"og:image\" content=\"https:\/\/www.tectron-worbis.de\/wp-content\/uploads\/2025\/08\/GF_MONTAGE-u-1024x664.jpg\" \/>\n<meta name=\"twitter:card\" content=\"summary_large_image\" \/>\n<meta name=\"twitter:label1\" content=\"Estimated reading time\" \/>\n\t<meta name=\"twitter:data1\" content=\"1 minute\" \/>\n<script type=\"application\/ld+json\" class=\"yoast-schema-graph\">{\"@context\":\"https:\\\/\\\/schema.org\",\"@graph\":[{\"@type\":\"WebPage\",\"@id\":\"https:\\\/\\\/www.tectron-worbis.de\\\/de\\\/qualitaet\\\/\",\"url\":\"https:\\\/\\\/www.tectron-worbis.de\\\/de\\\/qualitaet\\\/\",\"name\":\"Qualit\u00e4t &#8211; TECTRON WORBIS\",\"isPartOf\":{\"@id\":\"https:\\\/\\\/www.tectron-worbis.de\\\/de\\\/#website\"},\"primaryImageOfPage\":{\"@id\":\"https:\\\/\\\/www.tectron-worbis.de\\\/de\\\/qualitaet\\\/#primaryimage\"},\"image\":{\"@id\":\"https:\\\/\\\/www.tectron-worbis.de\\\/de\\\/qualitaet\\\/#primaryimage\"},\"thumbnailUrl\":\"https:\\\/\\\/www.tectron-worbis.de\\\/wp-content\\\/uploads\\\/2025\\\/08\\\/GF_MONTAGE-u-1024x664.jpg\",\"datePublished\":\"2018-03-06T16:09:05+00:00\",\"dateModified\":\"2025-08-18T12:20:29+00:00\",\"breadcrumb\":{\"@id\":\"https:\\\/\\\/www.tectron-worbis.de\\\/de\\\/qualitaet\\\/#breadcrumb\"},\"inLanguage\":\"en-GB\",\"potentialAction\":[{\"@type\":\"ReadAction\",\"target\":[\"https:\\\/\\\/www.tectron-worbis.de\\\/de\\\/qualitaet\\\/\"]}]},{\"@type\":\"ImageObject\",\"inLanguage\":\"en-GB\",\"@id\":\"https:\\\/\\\/www.tectron-worbis.de\\\/de\\\/qualitaet\\\/#primaryimage\",\"url\":\"https:\\\/\\\/www.tectron-worbis.de\\\/wp-content\\\/uploads\\\/2025\\\/08\\\/GF_MONTAGE-u-1024x664.jpg\",\"contentUrl\":\"https:\\\/\\\/www.tectron-worbis.de\\\/wp-content\\\/uploads\\\/2025\\\/08\\\/GF_MONTAGE-u-1024x664.jpg\"},{\"@type\":\"BreadcrumbList\",\"@id\":\"https:\\\/\\\/www.tectron-worbis.de\\\/de\\\/qualitaet\\\/#breadcrumb\",\"itemListElement\":[{\"@type\":\"ListItem\",\"position\":1,\"name\":\"Startseite\",\"item\":\"https:\\\/\\\/www.tectron-worbis.de\\\/de\\\/\"},{\"@type\":\"ListItem\",\"position\":2,\"name\":\"Qualit\u00e4t\"}]},{\"@type\":\"WebSite\",\"@id\":\"https:\\\/\\\/www.tectron-worbis.de\\\/de\\\/#website\",\"url\":\"https:\\\/\\\/www.tectron-worbis.de\\\/de\\\/\",\"name\":\"TECTRON WORBIS\",\"description\":\"Ihr EMS Dienstleister aus Th\u00fcringen\",\"publisher\":{\"@id\":\"https:\\\/\\\/www.tectron-worbis.de\\\/de\\\/#organization\"},\"potentialAction\":[{\"@type\":\"SearchAction\",\"target\":{\"@type\":\"EntryPoint\",\"urlTemplate\":\"https:\\\/\\\/www.tectron-worbis.de\\\/de\\\/?s={search_term_string}\"},\"query-input\":{\"@type\":\"PropertyValueSpecification\",\"valueRequired\":true,\"valueName\":\"search_term_string\"}}],\"inLanguage\":\"en-GB\"},{\"@type\":\"Organization\",\"@id\":\"https:\\\/\\\/www.tectron-worbis.de\\\/de\\\/#organization\",\"name\":\"TECTRON WORBIS\",\"url\":\"https:\\\/\\\/www.tectron-worbis.de\\\/de\\\/\",\"logo\":{\"@type\":\"ImageObject\",\"inLanguage\":\"en-GB\",\"@id\":\"https:\\\/\\\/www.tectron-worbis.de\\\/de\\\/#\\\/schema\\\/logo\\\/image\\\/\",\"url\":\"https:\\\/\\\/www.tectron-worbis.de\\\/wp-content\\\/uploads\\\/2021\\\/10\\\/LOGO-BLACK.png\",\"contentUrl\":\"https:\\\/\\\/www.tectron-worbis.de\\\/wp-content\\\/uploads\\\/2021\\\/10\\\/LOGO-BLACK.png\",\"width\":707,\"height\":187,\"caption\":\"TECTRON WORBIS\"},\"image\":{\"@id\":\"https:\\\/\\\/www.tectron-worbis.de\\\/de\\\/#\\\/schema\\\/logo\\\/image\\\/\"}}]}<\/script>\n<!-- \/ Yoast SEO plugin. -->","yoast_head_json":{"title":"Qualit\u00e4t &#8211; TECTRON WORBIS","robots":{"index":"index","follow":"follow","max-snippet":"max-snippet:-1","max-image-preview":"max-image-preview:large","max-video-preview":"max-video-preview:-1"},"canonical":"https:\/\/www.tectron-worbis.de\/en\/qualitaet\/","og_locale":"en_GB","og_type":"article","og_title":"Qualit\u00e4t &#8211; TECTRON WORBIS","og_description":"Qualit\u00e4t als oberste Maxime Standardisierte und innovative Prozesse, die von unseren motivierten, hochqualifizierten Mitarbeitern gelebt werden sowie eine technische Ausstattung der modernsten Art \u2013 unsere Kunden verstehen, was uns unsere hohen Qualit\u00e4tsstandards bedeuten. Jeden Tag gilt es, neue Verbesserungen zu erzielen, Abl\u00e4ufe noch effizienter zu gestalten und Kundenw\u00fcnsche so schnell wie m\u00f6glich umzusetzen. Dabei k\u00f6nnen [&hellip;]","og_url":"https:\/\/www.tectron-worbis.de\/en\/qualitaet\/","og_site_name":"TECTRON WORBIS","article_modified_time":"2025-08-18T12:20:29+00:00","og_image":[{"url":"https:\/\/www.tectron-worbis.de\/wp-content\/uploads\/2025\/08\/GF_MONTAGE-u-1024x664.jpg","type":"","width":"","height":""}],"twitter_card":"summary_large_image","twitter_misc":{"Estimated reading time":"1 minute"},"schema":{"@context":"https:\/\/schema.org","@graph":[{"@type":"WebPage","@id":"https:\/\/www.tectron-worbis.de\/de\/qualitaet\/","url":"https:\/\/www.tectron-worbis.de\/de\/qualitaet\/","name":"Qualit\u00e4t &#8211; TECTRON WORBIS","isPartOf":{"@id":"https:\/\/www.tectron-worbis.de\/de\/#website"},"primaryImageOfPage":{"@id":"https:\/\/www.tectron-worbis.de\/de\/qualitaet\/#primaryimage"},"image":{"@id":"https:\/\/www.tectron-worbis.de\/de\/qualitaet\/#primaryimage"},"thumbnailUrl":"https:\/\/www.tectron-worbis.de\/wp-content\/uploads\/2025\/08\/GF_MONTAGE-u-1024x664.jpg","datePublished":"2018-03-06T16:09:05+00:00","dateModified":"2025-08-18T12:20:29+00:00","breadcrumb":{"@id":"https:\/\/www.tectron-worbis.de\/de\/qualitaet\/#breadcrumb"},"inLanguage":"en-GB","potentialAction":[{"@type":"ReadAction","target":["https:\/\/www.tectron-worbis.de\/de\/qualitaet\/"]}]},{"@type":"ImageObject","inLanguage":"en-GB","@id":"https:\/\/www.tectron-worbis.de\/de\/qualitaet\/#primaryimage","url":"https:\/\/www.tectron-worbis.de\/wp-content\/uploads\/2025\/08\/GF_MONTAGE-u-1024x664.jpg","contentUrl":"https:\/\/www.tectron-worbis.de\/wp-content\/uploads\/2025\/08\/GF_MONTAGE-u-1024x664.jpg"},{"@type":"BreadcrumbList","@id":"https:\/\/www.tectron-worbis.de\/de\/qualitaet\/#breadcrumb","itemListElement":[{"@type":"ListItem","position":1,"name":"Startseite","item":"https:\/\/www.tectron-worbis.de\/de\/"},{"@type":"ListItem","position":2,"name":"Qualit\u00e4t"}]},{"@type":"WebSite","@id":"https:\/\/www.tectron-worbis.de\/de\/#website","url":"https:\/\/www.tectron-worbis.de\/de\/","name":"TECTRON WORBIS","description":"Ihr EMS Dienstleister aus Th\u00fcringen","publisher":{"@id":"https:\/\/www.tectron-worbis.de\/de\/#organization"},"potentialAction":[{"@type":"SearchAction","target":{"@type":"EntryPoint","urlTemplate":"https:\/\/www.tectron-worbis.de\/de\/?s={search_term_string}"},"query-input":{"@type":"PropertyValueSpecification","valueRequired":true,"valueName":"search_term_string"}}],"inLanguage":"en-GB"},{"@type":"Organization","@id":"https:\/\/www.tectron-worbis.de\/de\/#organization","name":"TECTRON WORBIS","url":"https:\/\/www.tectron-worbis.de\/de\/","logo":{"@type":"ImageObject","inLanguage":"en-GB","@id":"https:\/\/www.tectron-worbis.de\/de\/#\/schema\/logo\/image\/","url":"https:\/\/www.tectron-worbis.de\/wp-content\/uploads\/2021\/10\/LOGO-BLACK.png","contentUrl":"https:\/\/www.tectron-worbis.de\/wp-content\/uploads\/2021\/10\/LOGO-BLACK.png","width":707,"height":187,"caption":"TECTRON WORBIS"},"image":{"@id":"https:\/\/www.tectron-worbis.de\/de\/#\/schema\/logo\/image\/"}}]}},"_links":{"self":[{"href":"https:\/\/www.tectron-worbis.de\/en\/wp-json\/wp\/v2\/pages\/426","targetHints":{"allow":["GET"]}}],"collection":[{"href":"https:\/\/www.tectron-worbis.de\/en\/wp-json\/wp\/v2\/pages"}],"about":[{"href":"https:\/\/www.tectron-worbis.de\/en\/wp-json\/wp\/v2\/types\/page"}],"author":[{"embeddable":true,"href":"https:\/\/www.tectron-worbis.de\/en\/wp-json\/wp\/v2\/users\/1"}],"replies":[{"embeddable":true,"href":"https:\/\/www.tectron-worbis.de\/en\/wp-json\/wp\/v2\/comments?post=426"}],"version-history":[{"count":19,"href":"https:\/\/www.tectron-worbis.de\/en\/wp-json\/wp\/v2\/pages\/426\/revisions"}],"predecessor-version":[{"id":3734,"href":"https:\/\/www.tectron-worbis.de\/en\/wp-json\/wp\/v2\/pages\/426\/revisions\/3734"}],"wp:attachment":[{"href":"https:\/\/www.tectron-worbis.de\/en\/wp-json\/wp\/v2\/media?parent=426"}],"curies":[{"name":"wp","href":"https:\/\/api.w.org\/{rel}","templated":true}]}}